{"id":65,"date":"2024-09-25T19:54:11","date_gmt":"2024-09-25T19:54:11","guid":{"rendered":"https:\/\/www.misupport.dk\/?page_id=65"},"modified":"2026-02-12T14:24:41","modified_gmt":"2026-02-12T14:24:41","slug":"meet-a-mi-supporter","status":"publish","type":"page","link":"https:\/\/www.misupport.dk\/en\/meet-a-mi-supporter\/","title":{"rendered":"Meet an MI Supporter"},"content":{"rendered":"<section class=\"bde-section-65-154 bde-section\">\n              \n  \n  \n\t\n\n  <div class=\"section-background-overlay\"><\/div>\n\n\n<div class=\"section-container\"><h1 class=\"bde-heading-65-156 bde-heading\">\nMeet an MI Supporter\n<\/h1><div class=\"bde-text-65-157 bde-text\">\nAs a company, MI Support is based on our energetic, responsible and motivated employees who work with professional pride and commitment to solve our customers' challenges.<br><br>Get to know our consultants better here.\n<\/div><\/div>\n<\/section><section class=\"bde-section-65-158 bde-section\">\n  \n  \n\t\n\n\n\n<div class=\"section-container\"><h2 class=\"bde-heading-65-159 bde-heading\">\nTeam MI Support\n<\/h2><div class=\"bde-text-65-160 bde-text\">\nMI Support today consists of +50 experienced consultants in all age groups and with many different personal, professional and educational backgrounds. <br><br>Get to know a few of our great colleagues better here.\n<\/div><\/div>\n<\/section><section class=\"bde-section-65-117 bde-section\">\n  \n  \n\t\n\n\n\n<div class=\"section-container\"><div class=\"bde-columns-65-118 bde-columns\"><div class=\"bde-column-65-122 bde-column\">\n  \n  \n\t\n\n\n\n<div class=\"bde-text-65-165 bde-text\">\n\u201cHvis alle i teamet skulle bruge tid p\u00e5 alt det administrative, ville de ikke kunne koncentrere sig om deres kerneopgaver og det, de hver is\u00e6r er specialiserede i. Derfor skaber det en ro, at jeg er her til at varetage den del.\u201d\n<\/div><div class=\"bde-text-65-124 bde-text\">\nMaja R\u00f8jb\u00e6k M\u00f8rch\n<\/div><div class=\"bde-text-65-125 bde-text\">\nSr. Project Assistant\n<\/div><div class=\"bde-button-65-126 bde-button\">\n    \n                                    \n    \n    \n    \n    \n            \n                    \n            \n            \n\n    \n    \n    \n    \n    \n    <a class=\"breakdance-link button-atom button-atom--primary bde-button__button\" href=\"https:\/\/www.misupport.dk\/en\/moed-maja\/\" target=\"_self\" data-type=\"url\"  >\n\n    \n        <span class=\"button-atom__text\">L\u00e6s Majas historie her<\/span>\n\n        \n        \n                <\/a>\n\n    \n\n\n<\/div>\n<\/div><div class=\"bde-column-65-120 bde-column\">\n  \n  \n\t\n\n\n\n<div class=\"bde-image-65-121 bde-image\">\n<figure class=\"breakdance-image breakdance-image--6010\">\n\t<div class=\"breakdance-image-container\">\n\t\t<div class=\"breakdance-image-clip\"><img loading=\"lazy\" decoding=\"async\" class=\"breakdance-image-object\" src=\"https:\/\/www.misupport.dk\/wp-content\/uploads\/Maja-MI-Support2-2-scaled.jpg\" width=\"2560\" height=\"1707\" srcset=\"https:\/\/www.misupport.dk\/wp-content\/uploads\/Maja-MI-Support2-2-scaled.jpg 2560w, https:\/\/www.misupport.dk\/wp-content\/uploads\/Maja-MI-Support2-2-300x200.jpg 300w, https:\/\/www.misupport.dk\/wp-content\/uploads\/Maja-MI-Support2-2-1024x683.jpg 1024w, https:\/\/www.misupport.dk\/wp-content\/uploads\/Maja-MI-Support2-2-768x512.jpg 768w, https:\/\/www.misupport.dk\/wp-content\/uploads\/Maja-MI-Support2-2-1536x1024.jpg 1536w, https:\/\/www.misupport.dk\/wp-content\/uploads\/Maja-MI-Support2-2-2048x1365.jpg 2048w, https:\/\/www.misupport.dk\/wp-content\/uploads\/Maja-MI-Support2-2-18x12.jpg 18w\" sizes=\"auto, (max-width: 2560px) 100vw, 2560px\" alt=\"Konsulent og projektassistent fra MI Support\"><\/div>\n\t<\/div><\/figure>\n\n<\/div>\n<\/div><\/div><\/div>\n<\/section><section class=\"bde-section-65-127 bde-section\">\n  \n  \n\t\n\n\n\n<div class=\"section-container\"><div class=\"bde-columns-65-128 bde-columns\"><div class=\"bde-column-65-129 bde-column\">\n  \n  \n\t\n\n\n\n<div class=\"bde-image-65-130 bde-image\">\n<figure class=\"breakdance-image breakdance-image--5251\">\n\t<div class=\"breakdance-image-container\">\n\t\t<div class=\"breakdance-image-clip\"><img loading=\"lazy\" decoding=\"async\" class=\"breakdance-image-object\" src=\"https:\/\/www.misupport.dk\/wp-content\/uploads\/Christian-Warncke-scaled-1.jpg\" width=\"2400\" height=\"1602\" srcset=\"https:\/\/www.misupport.dk\/wp-content\/uploads\/Christian-Warncke-scaled-1.jpg 2400w, https:\/\/www.misupport.dk\/wp-content\/uploads\/Christian-Warncke-scaled-1-300x200.jpg 300w, https:\/\/www.misupport.dk\/wp-content\/uploads\/Christian-Warncke-scaled-1-1024x684.jpg 1024w, https:\/\/www.misupport.dk\/wp-content\/uploads\/Christian-Warncke-scaled-1-768x513.jpg 768w, https:\/\/www.misupport.dk\/wp-content\/uploads\/Christian-Warncke-scaled-1-1536x1025.jpg 1536w, https:\/\/www.misupport.dk\/wp-content\/uploads\/Christian-Warncke-scaled-1-2048x1367.jpg 2048w\" sizes=\"auto, (max-width: 2400px) 100vw, 2400px\" alt=\"Christian Warncke\"><\/div>\n\t<\/div><\/figure>\n\n<\/div>\n<\/div><div class=\"bde-column-65-131 bde-column\">\n  \n  \n\t\n\n\n\n<div class=\"bde-text-65-166 bde-text\">\n\"As a consultant, you need to be able to understand the customer's values and quickly adapt to them. You must always set a good example\"\n<\/div><div class=\"bde-text-65-133 bde-text\">\nChristian Emil Warncke\n<\/div><div class=\"bde-text-65-134 bde-text\">\nConstruction Manager\n<\/div><div class=\"bde-button-65-135 bde-button\">\n    \n                                    \n    \n    \n    \n    \n            \n                    \n            \n            \n\n    \n    \n    \n    \n    \n    <a class=\"breakdance-link button-atom button-atom--primary bde-button__button\" href=\"https:\/\/www.misupport.dk\/en\/meet-christian\/\" target=\"_self\" data-type=\"url\"  >\n\n    \n        <span class=\"button-atom__text\">Read Christian's story here<\/span>\n\n        \n        \n                <\/a>\n\n    \n\n\n<\/div>\n<\/div><\/div><\/div>\n<\/section><section class=\"bde-section-65-169 bde-section\">\n  \n  \n\t\n\n\n\n<div class=\"section-container\"><div class=\"bde-columns-65-170 bde-columns\"><div class=\"bde-column-65-171 bde-column\">\n  \n  \n\t\n\n\n\n<div class=\"bde-text-65-172 bde-text\">\n\"In general, I really feel that I have used a lot from my education. Especially the whole mechanical understanding has made it easy for me to familiarize myself with things\"\n<\/div><div class=\"bde-text-65-173 bde-text\">\nNoreen Rakhange &amp; Thomas Voldstedlund\n<\/div><div class=\"bde-text-65-174 bde-text\">\nBuilding Engineer &amp; Mechanical Engineer\n<\/div><div class=\"bde-button-65-175 bde-button\">\n    \n                                    \n    \n    \n    \n    \n            \n                    \n            \n            \n\n    \n    \n    \n    \n    \n    <a class=\"breakdance-link button-atom button-atom--primary bde-button__button\" href=\"https:\/\/www.misupport.dk\/en\/meet-noreen-thomas\/\" target=\"_self\" data-type=\"url\"  >\n\n    \n        <span class=\"button-atom__text\">Read Noreen and Thomas' story here<\/span>\n\n        \n        \n                <\/a>\n\n    \n\n\n<\/div>\n<\/div><div class=\"bde-column-65-176 bde-column\">\n  \n  \n\t\n\n\n\n<div class=\"bde-image-65-177 bde-image\">\n<figure class=\"breakdance-image breakdance-image--5202\">\n\t<div class=\"breakdance-image-container\">\n\t\t<div class=\"breakdance-image-clip\"><img loading=\"lazy\" decoding=\"async\" class=\"breakdance-image-object\" src=\"https:\/\/www.misupport.dk\/wp-content\/uploads\/Noreen-og-Thomas-scaled-1.jpg\" width=\"2560\" height=\"1707\" srcset=\"https:\/\/www.misupport.dk\/wp-content\/uploads\/Noreen-og-Thomas-scaled-1.jpg 2560w, https:\/\/www.misupport.dk\/wp-content\/uploads\/Noreen-og-Thomas-scaled-1-300x200.jpg 300w, https:\/\/www.misupport.dk\/wp-content\/uploads\/Noreen-og-Thomas-scaled-1-1024x683.jpg 1024w, https:\/\/www.misupport.dk\/wp-content\/uploads\/Noreen-og-Thomas-scaled-1-768x512.jpg 768w, https:\/\/www.misupport.dk\/wp-content\/uploads\/Noreen-og-Thomas-scaled-1-1536x1024.jpg 1536w, https:\/\/www.misupport.dk\/wp-content\/uploads\/Noreen-og-Thomas-scaled-1-2048x1366.jpg 2048w\" sizes=\"auto, (max-width: 2560px) 100vw, 2560px\"><\/div>\n\t<\/div><\/figure>\n\n<\/div>\n<\/div><\/div><\/div>\n<\/section><section class=\"bde-section-65-178 bde-section\">\n  \n  \n\t\n\n\n\n<div class=\"section-container\"><div class=\"bde-columns-65-179 bde-columns\"><div class=\"bde-column-65-180 bde-column\">\n  \n  \n\t\n\n\n\n<div class=\"bde-image-65-181 bde-image\">\n<figure class=\"breakdance-image breakdance-image--5201\">\n\t<div class=\"breakdance-image-container\">\n\t\t<div class=\"breakdance-image-clip\"><img loading=\"lazy\" decoding=\"async\" class=\"breakdance-image-object\" src=\"https:\/\/www.misupport.dk\/wp-content\/uploads\/Daniel-Aghdami.jpg\" width=\"954\" height=\"636\" srcset=\"https:\/\/www.misupport.dk\/wp-content\/uploads\/Daniel-Aghdami.jpg 954w, https:\/\/www.misupport.dk\/wp-content\/uploads\/Daniel-Aghdami-300x200.jpg 300w, https:\/\/www.misupport.dk\/wp-content\/uploads\/Daniel-Aghdami-768x512.jpg 768w\" sizes=\"auto, (max-width: 954px) 100vw, 954px\"><\/div>\n\t<\/div><\/figure>\n\n<\/div>\n<\/div><div class=\"bde-column-65-182 bde-column\">\n  \n  \n\t\n\n\n\n<div class=\"bde-text-65-183 bde-text\">\n\"I'm a chaos pilot. I've always been like that. I like that there's always something to keep track of and there can be a little pressure sometimes\"\n<\/div><div class=\"bde-text-65-184 bde-text\">\nDaniel Aghdami\n<\/div><div class=\"bde-text-65-185 bde-text\">\nConstruction Leader\n<\/div><div class=\"bde-button-65-186 bde-button\">\n    \n                                    \n    \n    \n    \n    \n            \n                    \n            \n            \n\n    \n    \n    \n    \n    \n    <a class=\"breakdance-link button-atom button-atom--primary bde-button__button\" href=\"https:\/\/www.misupport.dk\/en\/meet-daniel\/\" target=\"_self\" data-type=\"url\"  >\n\n    \n        <span class=\"button-atom__text\">Read Daniel's story here<\/span>\n\n        \n        \n                <\/a>\n\n    \n\n\n<\/div>\n<\/div><\/div><\/div>\n<\/section><section class=\"bde-section-65-136 bde-section\">\n  \n  \n\t\n\n\n\n<div class=\"section-container\"><div class=\"bde-columns-65-137 bde-columns\"><div class=\"bde-column-65-138 bde-column\">\n  \n  \n\t\n\n\n\n<div class=\"bde-text-65-167 bde-text\">\n\"I didn't plan to end up in the middle of the construction industry at all\"\n<\/div><div class=\"bde-text-65-140 bde-text\">\nMalene Kjeldsted\n<\/div><div class=\"bde-text-65-141 bde-text\">\nJr. Project Manager\n<\/div><div class=\"bde-button-65-142 bde-button\">\n    \n                                    \n    \n    \n    \n    \n            \n                    \n            \n            \n\n    \n    \n    \n    \n    \n    <a class=\"breakdance-link button-atom button-atom--primary bde-button__button\" href=\"https:\/\/www.misupport.dk\/en\/meet-malene\/\" target=\"_self\" data-type=\"url\"  >\n\n    \n        <span class=\"button-atom__text\">Read Malene's story here<\/span>\n\n        \n        \n                <\/a>\n\n    \n\n\n<\/div>\n<\/div><div class=\"bde-column-65-143 bde-column\">\n  \n  \n\t\n\n\n\n<div class=\"bde-image-65-144 bde-image\">\n<figure class=\"breakdance-image breakdance-image--5204\">\n\t<div class=\"breakdance-image-container\">\n\t\t<div class=\"breakdance-image-clip\"><img loading=\"lazy\" decoding=\"async\" class=\"breakdance-image-object\" src=\"https:\/\/www.misupport.dk\/wp-content\/uploads\/Malene-Kjeldsted-scaled-1.jpg\" width=\"2560\" height=\"1707\" srcset=\"https:\/\/www.misupport.dk\/wp-content\/uploads\/Malene-Kjeldsted-scaled-1.jpg 2560w, https:\/\/www.misupport.dk\/wp-content\/uploads\/Malene-Kjeldsted-scaled-1-300x200.jpg 300w, https:\/\/www.misupport.dk\/wp-content\/uploads\/Malene-Kjeldsted-scaled-1-1024x683.jpg 1024w, https:\/\/www.misupport.dk\/wp-content\/uploads\/Malene-Kjeldsted-scaled-1-768x512.jpg 768w, https:\/\/www.misupport.dk\/wp-content\/uploads\/Malene-Kjeldsted-scaled-1-1536x1024.jpg 1536w, https:\/\/www.misupport.dk\/wp-content\/uploads\/Malene-Kjeldsted-scaled-1-2048x1366.jpg 2048w\" sizes=\"auto, (max-width: 2560px) 100vw, 2560px\"><\/div>\n\t<\/div><\/figure>\n\n<\/div>\n<\/div><\/div><\/div>\n<\/section><section class=\"bde-section-65-145 bde-section\">\n  \n  \n\t\n\n\n\n<div class=\"section-container\"><div class=\"bde-columns-65-146 bde-columns\"><div class=\"bde-column-65-147 bde-column\">\n  \n  \n\t\n\n\n\n<div class=\"bde-image-65-148 bde-image\">\n<figure class=\"breakdance-image breakdance-image--5203\">\n\t<div class=\"breakdance-image-container\">\n\t\t<div class=\"breakdance-image-clip\"><img loading=\"lazy\" decoding=\"async\" class=\"breakdance-image-object\" src=\"https:\/\/www.misupport.dk\/wp-content\/uploads\/Dan-Steen-Larsen-scaled-1.jpg\" width=\"2560\" height=\"1706\" srcset=\"https:\/\/www.misupport.dk\/wp-content\/uploads\/Dan-Steen-Larsen-scaled-1.jpg 2560w, https:\/\/www.misupport.dk\/wp-content\/uploads\/Dan-Steen-Larsen-scaled-1-300x200.jpg 300w, https:\/\/www.misupport.dk\/wp-content\/uploads\/Dan-Steen-Larsen-scaled-1-1024x682.jpg 1024w, https:\/\/www.misupport.dk\/wp-content\/uploads\/Dan-Steen-Larsen-scaled-1-768x512.jpg 768w, https:\/\/www.misupport.dk\/wp-content\/uploads\/Dan-Steen-Larsen-scaled-1-1536x1024.jpg 1536w, https:\/\/www.misupport.dk\/wp-content\/uploads\/Dan-Steen-Larsen-scaled-1-2048x1365.jpg 2048w\" sizes=\"auto, (max-width: 2560px) 100vw, 2560px\"><\/div>\n\t<\/div><\/figure>\n\n<\/div>\n<\/div><div class=\"bde-column-65-149 bde-column\">\n  \n  \n\t\n\n\n\n<div class=\"bde-text-65-168 bde-text\">\n\"Of course I can step in when necessary. But I always do my best to meet people at eye level and create mutual respect with the crew on site\"\n<\/div><div class=\"bde-text-65-151 bde-text\">\nDan Steen Larsen\n<\/div><div class=\"bde-text-65-152 bde-text\">\nSr. EHS Coordinator \/ Sr. Site Manager\n<\/div><div class=\"bde-button-65-153 bde-button\">\n    \n                                    \n    \n    \n    \n    \n            \n                    \n            \n            \n\n    \n    \n    \n    \n    \n    <a class=\"breakdance-link button-atom button-atom--primary bde-button__button\" href=\"https:\/\/www.misupport.dk\/en\/meet-dan\/\" target=\"_self\" data-type=\"url\"  >\n\n    \n        <span class=\"button-atom__text\">Read Dan's story here<\/span>\n\n        \n        \n                <\/a>\n\n    \n\n\n<\/div>\n<\/div><\/div><\/div>\n<\/section>","protected":false},"excerpt":{"rendered":"<p>Meet an MI Supporter As a company, MI Support is based on our energetic, responsible and motivated employees who work with professional pride and commitment to solve our customers' challenges. Get to know our consultants better here. Team MI Support MI Support today consists of +50 experienced consultants in all age groups and with many [...]<\/p>","protected":false},"author":1,"featured_media":0,"parent":0,"menu_order":0,"comment_status":"closed","ping_status":"closed","template":"","meta":{"content-type":"","_breakdance_hide_in_design_set":false,"_breakdance_tags":"","footnotes":""},"class_list":["post-65","page","type-page","status-publish","hentry"],"_links":{"self":[{"href":"https:\/\/www.misupport.dk\/en\/wp-json\/wp\/v2\/pages\/65","targetHints":{"allow":["GET"]}}],"collection":[{"href":"https:\/\/www.misupport.dk\/en\/wp-json\/wp\/v2\/pages"}],"about":[{"href":"https:\/\/www.misupport.dk\/en\/wp-json\/wp\/v2\/types\/page"}],"author":[{"embeddable":true,"href":"https:\/\/www.misupport.dk\/en\/wp-json\/wp\/v2\/users\/1"}],"replies":[{"embeddable":true,"href":"https:\/\/www.misupport.dk\/en\/wp-json\/wp\/v2\/comments?post=65"}],"version-history":[{"count":36,"href":"https:\/\/www.misupport.dk\/en\/wp-json\/wp\/v2\/pages\/65\/revisions"}],"predecessor-version":[{"id":6011,"href":"https:\/\/www.misupport.dk\/en\/wp-json\/wp\/v2\/pages\/65\/revisions\/6011"}],"wp:attachment":[{"href":"https:\/\/www.misupport.dk\/en\/wp-json\/wp\/v2\/media?parent=65"}],"curies":[{"name":"wp","href":"https:\/\/api.w.org\/{rel}","templated":true}]}}