{"id":5986,"date":"2026-02-12T14:02:36","date_gmt":"2026-02-12T14:02:36","guid":{"rendered":"https:\/\/www.misupport.dk\/?page_id=5986"},"modified":"2026-02-13T09:50:59","modified_gmt":"2026-02-13T09:50:59","slug":"moed-maja","status":"publish","type":"page","link":"https:\/\/www.misupport.dk\/de\/moed-maja\/","title":{"rendered":"M\u00f8d Maja"},"content":{"rendered":"<section class=\"bde-section-5986-100 bde-section\">\n              \n  \n  \n\t\n\n  <div class=\"section-background-overlay\"><\/div>\n\n\n<div class=\"section-container\"><h1 class=\"bde-heading-5986-101 bde-heading\">\nTreffen Sie einen MI Support\n<\/h1><div class=\"bde-text-5986-102 bde-text\">\nAls Unternehmen st\u00fctzt sich MI Support auf unsere tatkr\u00e4ftigen, verantwortungsbewussten und motivierten Mitarbeiter, die mit professionellem Stolz und Engagement an der L\u00f6sung der Herausforderungen unserer Kunden arbeiten.<br><br>Lernen Sie unsere Berater hier besser kennen.\n<\/div><\/div>\n<\/section><section class=\"bde-section-5986-103 bde-section\">\n  \n  \n\t\n\n\n\n<div class=\"section-container\"><h2 class=\"bde-heading-5986-104 bde-heading\">\nM\u00f8d Maja R\u00f8jb\u00e6k M\u00f8rch\n<\/h2><div class=\"bde-text-5986-105 bde-text\">\nSr. Project Assistant\n<\/div><\/div>\n<\/section><section class=\"bde-section-5986-106 bde-section\">\n  \n  \n\t\n\n\n\n<div class=\"section-container\"><div class=\"bde-text-5986-107 bde-text\">\n\u201dSom projektassistent er jeg med til at sikre, at hverdagen fungerer p\u00e5 projektet, s\u00e5 alle kan fokusere p\u00e5 det, de er bedst til.\u201d <br><br>\u2013 S\u00e5dan fort\u00e6ller 45-\u00e5rige Maja R\u00f8jb\u00e6k M\u00f8rch selv om sin rolle p\u00e5 opf\u00f8relsen af et nyt procesanl\u00e6g p\u00e5 et st\u00f8rre farmaceutisk byggeprojekt. <br><br>\u201dHer sidder jeg p\u00e5 kontoret for sikkerhed og commissioning og har t\u00e6t samarbejde med hele projektgruppen samt entrepren\u00f8rerne,\u201d forklarer hun.\n<\/div><div class=\"bde-image-5986-108 bde-image\">\n<figure class=\"breakdance-image breakdance-image--6010\">\n\t<div class=\"breakdance-image-container\">\n\t\t<div class=\"breakdance-image-clip\"><img loading=\"lazy\" decoding=\"async\" class=\"breakdance-image-object\" src=\"https:\/\/www.misupport.dk\/wp-content\/uploads\/Maja-MI-Support2-2-scaled.jpg\" width=\"2560\" height=\"1707\" srcset=\"https:\/\/www.misupport.dk\/wp-content\/uploads\/Maja-MI-Support2-2-scaled.jpg 2560w, https:\/\/www.misupport.dk\/wp-content\/uploads\/Maja-MI-Support2-2-300x200.jpg 300w, https:\/\/www.misupport.dk\/wp-content\/uploads\/Maja-MI-Support2-2-1024x683.jpg 1024w, https:\/\/www.misupport.dk\/wp-content\/uploads\/Maja-MI-Support2-2-768x512.jpg 768w, https:\/\/www.misupport.dk\/wp-content\/uploads\/Maja-MI-Support2-2-1536x1024.jpg 1536w, https:\/\/www.misupport.dk\/wp-content\/uploads\/Maja-MI-Support2-2-2048x1365.jpg 2048w, https:\/\/www.misupport.dk\/wp-content\/uploads\/Maja-MI-Support2-2-18x12.jpg 18w\" sizes=\"auto, (max-width: 2560px) 100vw, 2560px\" alt=\"Konsulent og projektassistent fra MI Support\"><\/div>\n\t<\/div><\/figure>\n\n<\/div><div class=\"bde-text-5986-109 bde-text\">\nSikkerhed og support\n<\/div><div class=\"bde-text-5986-110 bde-text\">\nEn del af Majas arbejde handler om arbejdstilladelser, der er en foruds\u00e6tning for, at arbejdet p\u00e5 byggepladsen kan udf\u00f8res p\u00e5 forsvarlig vis.<br><br>\u201cDer skal udstedes nye arbejdstilladelser hver eneste dag. Her er min vigtigste opgave at f\u00e5 gjort tilladelserne klar til at blive godkendt \u2013 og efterf\u00f8lgende at f\u00e5 dem indsamlet igen og lukket korrekt.\u201d<br><br>Da arbejdet udf\u00f8res i et komplekst GMP-milj\u00f8 med mange parallelle processer, er struktur og overblik afg\u00f8rende for b\u00e5de sikkerheden og fremdriften. Derfor har Maja en hel central rolle i teamet. \u201dJeg st\u00e5r bl.a. ogs\u00e5 for opdatering af dokumenter, print, skiltning og IT-support \u2013 opgaver, der skaber overblik i en travl hverdag,\u201d lyder det.<br><br>\u201cHvis alle i teamet skulle bruge tid p\u00e5 alt det administrative, ville de ikke kunne koncentrere sig om deres kerneopgaver og det, de hver is\u00e6r er specialiserede i,\u201d fort\u00e6ller Maja, \u201dderfor skaber det en ro, at jeg er her til at varetage den del.\u201d\n<\/div><div class=\"bde-text-5986-111 bde-text\">\nFra beauty- til byggebranchen\n<\/div><div class=\"bde-text-5986-112 bde-text\">\nMaja kommer med en solid administrativ baggrund og har tidligere arbejdet b\u00e5de i beautybranchen og p\u00e5 en k\u00f8reskole. Selvom brancherne er vidt forskellige, ser hun klare ligheder:<br><br>\u201cAdministration er essentielt alle steder. Det handler om struktur, overblik og at f\u00e5 tingene til at glide.\u201d<br><br>Overgangen til bygge- og industribranchen har givet hende indsigt i en helt ny faglig verden. \u201cDet er k\u00e6mpestort herude p\u00e5 sitet, og man er kun en lille del af det hele. Jeg l\u00e6rer hele tiden noget nyt,\u201d fort\u00e6ller Maja og uddyber:<br><br>\u201dBl.a. har jeg f\u00e5et indsigt i sikkerhedsprocedurer s\u00e5som lockout\/tagout (LOTO). N\u00e5r commissioning har defineret, hvilke ventiler der skal lukkes og \u00e5bnes i forbindelse med testk\u00f8ringer i r\u00f8rene, kan jeg assistere ved at tegne det ind p\u00e5 PI-diagrammerne. Det er virkelig sp\u00e6ndende,\u201d lyder det.\n<\/div><div class=\"bde-image-5986-114 bde-image\">\n<figure class=\"breakdance-image breakdance-image--6008\">\n\t<div class=\"breakdance-image-container\">\n\t\t<div class=\"breakdance-image-clip\"><img loading=\"lazy\" decoding=\"async\" class=\"breakdance-image-object\" src=\"https:\/\/www.misupport.dk\/wp-content\/uploads\/Maja-MI-Support4-2-1-scaled.jpg\" width=\"2400\" height=\"1600\" srcset=\"https:\/\/www.misupport.dk\/wp-content\/uploads\/Maja-MI-Support4-2-1-scaled.jpg 2400w, https:\/\/www.misupport.dk\/wp-content\/uploads\/Maja-MI-Support4-2-1-300x200.jpg 300w, https:\/\/www.misupport.dk\/wp-content\/uploads\/Maja-MI-Support4-2-1-1024x683.jpg 1024w, https:\/\/www.misupport.dk\/wp-content\/uploads\/Maja-MI-Support4-2-1-768x512.jpg 768w, https:\/\/www.misupport.dk\/wp-content\/uploads\/Maja-MI-Support4-2-1-1536x1024.jpg 1536w, https:\/\/www.misupport.dk\/wp-content\/uploads\/Maja-MI-Support4-2-1-2048x1365.jpg 2048w, https:\/\/www.misupport.dk\/wp-content\/uploads\/Maja-MI-Support4-2-1-18x12.jpg 18w\" sizes=\"auto, (max-width: 2400px) 100vw, 2400px\" alt=\"Konsulent og projektassistent fra MI Support\"><\/div>\n\t<\/div><\/figure>\n\n<\/div><div class=\"bde-text-5986-115 bde-text\">\nSans for detaljen\n<\/div><div class=\"bde-text-5986-116 bde-text\">\nMaja trives i sin nuv\u00e6rende rolle, men ser ogs\u00e5 muligheder for udvikling p\u00e5 l\u00e6ngere sigt, bl.a. inden for QA: \u201cJeg kan godt lide at g\u00e5 i dybden med ting og have styr p\u00e5 detaljerne,\u201d pointerer hun, \u201dderfor tiltaler arbejdet med kvalitetssikring mig rigtig meget.\u201d<br><br>Det detaljeorienterede karaktertr\u00e6k kommer ogs\u00e5 til udtryk hos Maja, n\u00e5r hun ikke er p\u00e5 arbejde: \u201dJeg elsker at v\u00e6re kreativ og har altid tegnet meget. Det er mit frirum.\u201d<br><br>For Maja er der ogs\u00e5 en klar sammenh\u00e6ng mellem arbejdet og hobbyen: <br><br>\u201cAt tegne kr\u00e6ver pr\u00e6cision, t\u00e5lmodighed og respekt for processen,\u201d afslutter hun. \u201dPr\u00e6cis ligesom arbejdet herude.\u201d\n<\/div><\/div>\n<\/section><section class=\"bde-section-5986-119 bde-section\">\n  \n  \n\t\n\n\n\n<div class=\"section-container\"><div class=\"bde-columns-5986-120 bde-columns\"><div class=\"bde-column-5986-121 bde-column\">\n  \n  \n\t\n\n\n\n<div class=\"bde-image-5986-122 bde-image\">\n<figure class=\"breakdance-image breakdance-image--55\">\n\t<div class=\"breakdance-image-container\">\n\t\t<div class=\"breakdance-image-clip\"><img loading=\"lazy\" decoding=\"async\" class=\"breakdance-image-object\" src=\"https:\/\/www.misupport.dk\/wp-content\/uploads\/MISupportIT_NTK4170-scaled.jpg\" width=\"2560\" height=\"1707\" srcset=\"https:\/\/www.misupport.dk\/wp-content\/uploads\/MISupportIT_NTK4170-scaled.jpg 2560w, https:\/\/www.misupport.dk\/wp-content\/uploads\/MISupportIT_NTK4170-300x200.jpg 300w, https:\/\/www.misupport.dk\/wp-content\/uploads\/MISupportIT_NTK4170-1024x683.jpg 1024w, https:\/\/www.misupport.dk\/wp-content\/uploads\/MISupportIT_NTK4170-768x512.jpg 768w, https:\/\/www.misupport.dk\/wp-content\/uploads\/MISupportIT_NTK4170-1536x1024.jpg 1536w, https:\/\/www.misupport.dk\/wp-content\/uploads\/MISupportIT_NTK4170-2048x1365.jpg 2048w\" sizes=\"auto, (max-width: 2560px) 100vw, 2560px\" alt=\"B\u00fcroleute\"><\/div>\n\t<\/div><\/figure>\n\n<\/div>\n<\/div><div class=\"bde-column-5986-123 bde-column\">\n  \n  \n\t\n\n\n\n<h2 class=\"bde-heading-5986-124 bde-heading\">\nSind Sie unser neuer Kollege?<br>\n<\/h2><div class=\"bde-text-5986-125 bde-text\">\nWir bei MI Support sind immer auf der Suche nach neuen, talentierten Kollegen, die unser Team verst\u00e4rken m\u00f6chten. Wir ver\u00f6ffentlichen regelm\u00e4\u00dfig freie Stellen und Sie k\u00f6nnen sich gerne in unsere Lebenslaufdatenbank eintragen, die wir st\u00e4ndig auf interessante Profile \u00fcberpr\u00fcfen.<br><br>MI Support ist ein dynamischer Arbeitsplatz, an dem es vom Denken zum Handeln nicht weit ist. Wir bieten engagierte und gute Kollegen mit einem Schwerpunkt auf Entwicklung und professionellem Sparring. Dar\u00fcber hinaus haben wir gute und stabile Arbeitsbedingungen und legen Wert auf ein angenehmes Arbeitsumfeld mit h\u00e4ufigen gesellschaftlichen Veranstaltungen.\n<\/div><div class=\"bde-button-5986-126 bde-button\">\n    \n                                    \n    \n    \n    \n    \n            \n                    \n            \n            \n\n    \n    \n    \n    \n    \n    <a class=\"breakdance-link button-atom button-atom--primary bde-button__button\" href=\"https:\/\/misupport.career.emply.com\/da\/ledige-stillinger\" target=\"_self\" data-type=\"url\" rel=\"noopener\">\n\n    \n        <span class=\"button-atom__text\">Siehe unser Stellenangebot<\/span>\n\n        \n        \n                <\/a>\n\n    \n\n\n<\/div>\n<\/div><\/div><\/div>\n<\/section>","protected":false},"excerpt":{"rendered":"<p>M\u00f8d en MI Supporter Som virksomhed er MI Support baseret p\u00e5 vores handlekraftige, ansvarlige og motiverede medarbejdere, der med faglig stolthed arbejder m\u00e5lrettet og engageret for at l\u00f8se vores kunders udfordringer.L\u00e6r vores konsulenter bedre at kende her. M\u00f8d Maja R\u00f8jb\u00e6k M\u00f8rch Sr. Project Assistant \u201dSom projektassistent er jeg med til at sikre, at hverdagen fungerer [&hellip;]<\/p>","protected":false},"author":2,"featured_media":0,"parent":0,"menu_order":0,"comment_status":"closed","ping_status":"closed","template":"","meta":{"content-type":"","_breakdance_hide_in_design_set":false,"_breakdance_tags":"","footnotes":""},"class_list":["post-5986","page","type-page","status-publish","hentry"],"_links":{"self":[{"href":"https:\/\/www.misupport.dk\/de\/wp-json\/wp\/v2\/pages\/5986","targetHints":{"allow":["GET"]}}],"collection":[{"href":"https:\/\/www.misupport.dk\/de\/wp-json\/wp\/v2\/pages"}],"about":[{"href":"https:\/\/www.misupport.dk\/de\/wp-json\/wp\/v2\/types\/page"}],"author":[{"embeddable":true,"href":"https:\/\/www.misupport.dk\/de\/wp-json\/wp\/v2\/users\/2"}],"replies":[{"embeddable":true,"href":"https:\/\/www.misupport.dk\/de\/wp-json\/wp\/v2\/comments?post=5986"}],"version-history":[{"count":11,"href":"https:\/\/www.misupport.dk\/de\/wp-json\/wp\/v2\/pages\/5986\/revisions"}],"predecessor-version":[{"id":6015,"href":"https:\/\/www.misupport.dk\/de\/wp-json\/wp\/v2\/pages\/5986\/revisions\/6015"}],"wp:attachment":[{"href":"https:\/\/www.misupport.dk\/de\/wp-json\/wp\/v2\/media?parent=5986"}],"curies":[{"name":"wp","href":"https:\/\/api.w.org\/{rel}","templated":true}]}}