{"id":5252,"date":"2024-07-23T13:56:12","date_gmt":"2024-07-23T11:56:12","guid":{"rendered":"https:\/\/www.misupport.dk\/?page_id=5252"},"modified":"2026-02-12T10:04:53","modified_gmt":"2026-02-12T10:04:53","slug":"mutiger-christ","status":"publish","type":"page","link":"https:\/\/www.misupport.dk\/de\/mutiger-christ\/","title":{"rendered":"Treffen Sie Christian"},"content":{"rendered":"<section class=\"bde-section-5252-132 bde-section\">\n              \n  \n  \n\t\n\n  <div class=\"section-background-overlay\"><\/div>\n\n\n<div class=\"section-container\"><h1 class=\"bde-heading-5252-133 bde-heading\">\nTreffen Sie einen MI Support\n<\/h1><div class=\"bde-text-5252-134 bde-text\">\nAls Unternehmen st\u00fctzt sich MI Support auf unsere tatkr\u00e4ftigen, verantwortungsbewussten und motivierten Mitarbeiter, die mit professionellem Stolz und Engagement an der L\u00f6sung der Herausforderungen unserer Kunden arbeiten.<br><br>Lernen Sie unsere Berater hier besser kennen.\n<\/div><\/div>\n<\/section><section class=\"bde-section-5252-115 bde-section\">\n  \n  \n\t\n\n\n\n<div class=\"section-container\"><h2 class=\"bde-heading-5252-116 bde-heading\">\nTreffen Sie Christian Emil Warncke\n<\/h2><div class=\"bde-text-5252-117 bde-text\">\nBauleiter\n<\/div><\/div>\n<\/section><section class=\"bde-section-5252-118 bde-section\">\n  \n  \n\t\n\n\n\n<div class=\"section-container\"><div class=\"bde-text-5252-120 bde-text\">\n\"Als Bauleiter ist es meine Hauptaufgabe, die laufenden Vertr\u00e4ge des Kunden zu \u00fcberwachen\", erkl\u00e4rt Christian Emil Warncke, der an einem umfangreichen Bauprojekt in einem d\u00e4nischen Heizkraftwerk arbeitet.<br><br>W\u00e4hrend eine Reihe von Spezialisten an dem Projekt arbeiten, die sich auf einzelne Disziplinen konzentrieren, hat Christian eine allgemeinere Perspektive auf das gesamte Bauprojekt.<br><br>\"Ich habe t\u00e4glich Kontakt mit den Leuten vor Ort, wo ich oft unterwegs bin, um zu sehen, ob die Arbeit korrekt und p\u00fcnktlich erledigt wird\", sagt er. <br><br>\"Gleichzeitig f\u00fchre ich Baubesprechungen durch und stehe in engem Dialog mit den verschiedenen Projektmanagern, ich habe also eine eher hybride Rolle.<br><br>\n<\/div><div class=\"bde-image-5252-121 bde-image\">\n<figure class=\"breakdance-image breakdance-image--5251\">\n\t<div class=\"breakdance-image-container\">\n\t\t<div class=\"breakdance-image-clip\"><img loading=\"lazy\" decoding=\"async\" class=\"breakdance-image-object\" src=\"https:\/\/www.misupport.dk\/wp-content\/uploads\/Christian-Warncke-scaled-1.jpg\" width=\"2560\" height=\"1709\" srcset=\"https:\/\/www.misupport.dk\/wp-content\/uploads\/Christian-Warncke-scaled-1.jpg 2560w, https:\/\/www.misupport.dk\/wp-content\/uploads\/Christian-Warncke-scaled-1-300x200.jpg 300w, https:\/\/www.misupport.dk\/wp-content\/uploads\/Christian-Warncke-scaled-1-1024x684.jpg 1024w, https:\/\/www.misupport.dk\/wp-content\/uploads\/Christian-Warncke-scaled-1-768x513.jpg 768w, https:\/\/www.misupport.dk\/wp-content\/uploads\/Christian-Warncke-scaled-1-1536x1025.jpg 1536w, https:\/\/www.misupport.dk\/wp-content\/uploads\/Christian-Warncke-scaled-1-2048x1367.jpg 2048w\" sizes=\"auto, (max-width: 2560px) 100vw, 2560px\" alt=\"Christian Warncke\"><\/div>\n\t<\/div><\/figure>\n\n<\/div><div class=\"bde-text-5252-122 bde-text\">\nKoordinierung und Qualit\u00e4tssicherung in einem\n<\/div><div class=\"bde-text-5252-123 bde-text\">\nNeben der t\u00e4glichen Aufsicht ist Christian auch f\u00fcr die Koordination zwischen den vielen Akteuren des Projekts verantwortlich.<br><br>\"Wenn zum Beispiel ein Auftragnehmer Unklarheiten im Projekt hat, l\u00e4uft die Kommunikation immer \u00fcber uns im Baumanagement. Wir sehen uns die technische Anfrage an und beurteilen, ob sie korrekt und verst\u00e4ndlich ist, und wenn ja, wird sie an den Berater weitergeleitet\", sagt Christian.<br><br>Sobald die Anfrage bearbeitet wurde, erh\u00e4lt Christian sie als technische Anweisung zur\u00fcck, die dann qualit\u00e4tsgesichert wird, bevor sie an den Auftragnehmer zur\u00fcckgeschickt wird. <br><br>\"Auf diese Weise stellen wir sicher, dass die Dokumentation immer in Ordnung ist.\"<br><br>\n<\/div><div class=\"bde-text-5252-124 bde-text\">\nProaktivit\u00e4t schafft neue M\u00f6glichkeiten\n<\/div><div class=\"bde-text-5252-125 bde-text\">\nChristian arbeitet seit \u00fcber einem Jahr bei MI Support. Er erlebt die Arbeit als Berater als unabh\u00e4ngiger, als er es in seinen fr\u00fcheren Jobs erlebt hat. \"Und ich denke, das ist eine gute Sache\", meint Christian, \"denn es gibt Ihnen sowohl eine gewisse Freiheit als auch die M\u00f6glichkeit, wirklich zu zeigen, was Sie k\u00f6nnen.\"<br><br>\"Au\u00dferdem gibt es im MI-Support immer ein Team, das Sie auff\u00e4ngt - daran besteht kein Zweifel. Aber man muss auch in der Lage sein, sich die Arbeit und die Unterst\u00fctzung dort zu suchen, wo sie gebraucht wird, denn das Projekt und die Aufgaben entwickeln sich st\u00e4ndig weiter.\"<br><br>Proaktiv und anpassungsf\u00e4hig zu sein, schafft andererseits aber auch gute berufliche Entwicklungsm\u00f6glichkeiten, sagt Christian. Zum Beispiel hat sich seine Rolle in dem Projekt in der Zeit, in der er dort arbeitet, bereits stark ver\u00e4ndert.<br><br>\"Als ich hier anfing, war ich eigentlich als Supervisor f\u00fcr den mechanischen Teil zust\u00e4ndig, was ein bisschen ein Schnittstellenprojekt war, bei dem ich viel mit den Spezialisten zusammenarbeiten musste.\"<br><br>F\u00fcr Christian bedeutete dies in den ersten Monaten eine steile Lernkurve, da er sich mit den strengen Anforderungen und Arbeitsabl\u00e4ufen vertraut machen musste. Doch heute kann er seinem Lebenslauf einige neue F\u00e4higkeiten hinzuf\u00fcgen.<br><br>\"Ich habe unter anderem meine F\u00e4higkeit gest\u00e4rkt, PI-Diagramme zu lesen. PI-Diagramme sind Prozessdiagramme, die in Kraftwerken, Labors und Produktionseinheiten weit verbreitet sind\", sagt er.\n<\/div><\/div>\n<\/section><section class=\"bde-section-5252-126 bde-section\">\n  \n  \n\t\n\n\n\n<div class=\"section-container\"><div class=\"bde-image-5252-127 bde-image\">\n<figure class=\"breakdance-image breakdance-image--5254\">\n\t<div class=\"breakdance-image-container\">\n\t\t<div class=\"breakdance-image-clip\"><img loading=\"lazy\" decoding=\"async\" class=\"breakdance-image-object\" src=\"https:\/\/www.misupport.dk\/wp-content\/uploads\/Christian-Warncke-2-scaled-1.jpg\" width=\"2560\" height=\"1706\" srcset=\"https:\/\/www.misupport.dk\/wp-content\/uploads\/Christian-Warncke-2-scaled-1.jpg 2560w, https:\/\/www.misupport.dk\/wp-content\/uploads\/Christian-Warncke-2-scaled-1-300x200.jpg 300w, https:\/\/www.misupport.dk\/wp-content\/uploads\/Christian-Warncke-2-scaled-1-1024x682.jpg 1024w, https:\/\/www.misupport.dk\/wp-content\/uploads\/Christian-Warncke-2-scaled-1-768x512.jpg 768w, https:\/\/www.misupport.dk\/wp-content\/uploads\/Christian-Warncke-2-scaled-1-1536x1024.jpg 1536w, https:\/\/www.misupport.dk\/wp-content\/uploads\/Christian-Warncke-2-scaled-1-2048x1365.jpg 2048w\" sizes=\"auto, (max-width: 2560px) 100vw, 2560px\" alt=\"Christian Warncke\"><\/div>\n\t<\/div><\/figure>\n\n<\/div><div class=\"bde-text-5252-128 bde-text\">\nDas gute Beispiel\n<\/div><div class=\"bde-text-5252-129 bde-text\">\n\"Als Berater muss man auch in der Lage sein, die Werte des Kunden zu verstehen und sich schnell an sie anzupassen. Man muss immer mit gutem Beispiel vorangehen\", sagt Christian, \"aber das macht mir auch nichts aus.\"<br><br>Laut Christian ist das etwas, das man ziemlich schnell lernt, wenn man die richtige Einstellung hat.<br><br> \"Wenn der Kunde m\u00f6chte, dass wir ein bestimmtes Verfahren befolgen, sage ich in der Regel einfach: Ja! Das werden wir tun.\"<br><br>Im Allgemeinen stellt er fest, dass es einen klaren Konsens zwischen allen MI-Unterst\u00fctzern gibt, die demselben Projekt zugeteilt sind:<br><br>\"Sie werden zum Beispiel nie jemanden von uns ohne die richtige Schutzausr\u00fcstung herumlaufen sehen. Wir tragen immer alles und halten uns an alle Regeln - schlie\u00dflich repr\u00e4sentieren wir den Kunden und sollten immer ein Vorbild sein.\"\n<\/div><div class=\"bde-text-5252-130 bde-text\">\nEin projekt\u00fcbergreifendes Netzwerk\n<\/div><div class=\"bde-text-5252-131 bde-text\">\nInsgesamt sagt Christian, dass ihm seine Arbeit als Berater Spa\u00df macht.<br><br>\"Durch MI Support habe ich die M\u00f6glichkeit, mich sowohl beruflich als auch pers\u00f6nlich weiterzuentwickeln - und au\u00dferdem an viel komplexeren und spannenderen Bauprojekten zu arbeiten, als ich sie bisher erlebt habe\", sagt er.<br><br>\"Gleichzeitig habe ich auch viele gute Kollegen kennengelernt. Obwohl wir an verschiedenen Projekten arbeiten, treffen wir uns alle 2-3 Monate bei gesellschaftlichen Veranstaltungen, Seminaren, Partys usw. von MI Support, wo wir uns besser kennen lernen und Erfahrungen austauschen k\u00f6nnen.\"<br><br>Das Netzwerk von MI Support ist etwas, das Christian sehr sch\u00e4tzt und als gro\u00dfen Vorteil betrachtet. <br><br>\"Denn man wei\u00df nie, ob wir nicht eines Tages bei demselben Projekt landen\", sagt er abschlie\u00dfend.\n<\/div><\/div>\n<\/section><section class=\"bde-section-5252-107 bde-section\">\n  \n  \n\t\n\n\n\n<div class=\"section-container\"><div class=\"bde-columns-5252-108 bde-columns\"><div class=\"bde-column-5252-109 bde-column\">\n  \n  \n\t\n\n\n\n<div class=\"bde-image-5252-110 bde-image\">\n<figure class=\"breakdance-image breakdance-image--55\">\n\t<div class=\"breakdance-image-container\">\n\t\t<div class=\"breakdance-image-clip\"><img loading=\"lazy\" decoding=\"async\" class=\"breakdance-image-object\" src=\"https:\/\/www.misupport.dk\/wp-content\/uploads\/MISupportIT_NTK4170-scaled.jpg\" width=\"2560\" height=\"1707\" srcset=\"https:\/\/www.misupport.dk\/wp-content\/uploads\/MISupportIT_NTK4170-scaled.jpg 2560w, https:\/\/www.misupport.dk\/wp-content\/uploads\/MISupportIT_NTK4170-300x200.jpg 300w, https:\/\/www.misupport.dk\/wp-content\/uploads\/MISupportIT_NTK4170-1024x683.jpg 1024w, https:\/\/www.misupport.dk\/wp-content\/uploads\/MISupportIT_NTK4170-768x512.jpg 768w, https:\/\/www.misupport.dk\/wp-content\/uploads\/MISupportIT_NTK4170-1536x1024.jpg 1536w, https:\/\/www.misupport.dk\/wp-content\/uploads\/MISupportIT_NTK4170-2048x1365.jpg 2048w\" sizes=\"auto, (max-width: 2560px) 100vw, 2560px\" alt=\"B\u00fcroleute\"><\/div>\n\t<\/div><\/figure>\n\n<\/div>\n<\/div><div class=\"bde-column-5252-111 bde-column\">\n  \n  \n\t\n\n\n\n<h2 class=\"bde-heading-5252-112 bde-heading\">\nSind Sie unser neuer Kollege?<br>\n<\/h2><div class=\"bde-text-5252-113 bde-text\">\nWir bei MI Support sind immer auf der Suche nach neuen, talentierten Kollegen, die unser Team verst\u00e4rken m\u00f6chten. Wir ver\u00f6ffentlichen regelm\u00e4\u00dfig freie Stellen und Sie k\u00f6nnen sich gerne in unsere Lebenslaufdatenbank eintragen, die wir st\u00e4ndig auf interessante Profile \u00fcberpr\u00fcfen.<br><br>MI Support ist ein dynamischer Arbeitsplatz, an dem es vom Denken zum Handeln nicht weit ist. Wir bieten engagierte und gute Kollegen mit einem Schwerpunkt auf Entwicklung und professionellem Sparring. Dar\u00fcber hinaus haben wir gute und stabile Arbeitsbedingungen und legen Wert auf ein angenehmes Arbeitsumfeld mit h\u00e4ufigen gesellschaftlichen Veranstaltungen.\n<\/div><div class=\"bde-button-5252-114 bde-button\">\n    \n                                    \n    \n    \n    \n    \n            \n                    \n            \n            \n\n    \n    \n    \n    \n    \n    <a class=\"breakdance-link button-atom button-atom--primary bde-button__button\" href=\"https:\/\/misupport.career.emply.com\/da\/ledige-stillinger\" target=\"_self\" data-type=\"url\" rel=\"noopener\">\n\n    \n        <span class=\"button-atom__text\">Siehe unser Stellenangebot<\/span>\n\n        \n        \n                <\/a>\n\n    \n\n\n<\/div>\n<\/div><\/div><\/div>\n<\/section>","protected":false},"excerpt":{"rendered":"<p>Treffen Sie einen MI-Supporter Als Unternehmen basiert MI Support auf unseren energiegeladenen, verantwortungsbewussten und motivierten Mitarbeitern, die mit professionellem Stolz und Engagement an der L\u00f6sung der Herausforderungen unserer Kunden arbeiten. Lernen Sie unsere Berater hier besser kennen. Treffen Sie Christian Emil Warncke Construction Manager \"Als Construction Manager ist es meine Hauptaufgabe, f\u00fcr den Kunden [...]<\/p>","protected":false},"author":1,"featured_media":5251,"parent":0,"menu_order":0,"comment_status":"closed","ping_status":"closed","template":"","meta":{"content-type":"","_breakdance_hide_in_design_set":false,"_breakdance_tags":"","footnotes":""},"class_list":["post-5252","page","type-page","status-publish","has-post-thumbnail","hentry"],"_links":{"self":[{"href":"https:\/\/www.misupport.dk\/de\/wp-json\/wp\/v2\/pages\/5252","targetHints":{"allow":["GET"]}}],"collection":[{"href":"https:\/\/www.misupport.dk\/de\/wp-json\/wp\/v2\/pages"}],"about":[{"href":"https:\/\/www.misupport.dk\/de\/wp-json\/wp\/v2\/types\/page"}],"author":[{"embeddable":true,"href":"https:\/\/www.misupport.dk\/de\/wp-json\/wp\/v2\/users\/1"}],"replies":[{"embeddable":true,"href":"https:\/\/www.misupport.dk\/de\/wp-json\/wp\/v2\/comments?post=5252"}],"version-history":[{"count":16,"href":"https:\/\/www.misupport.dk\/de\/wp-json\/wp\/v2\/pages\/5252\/revisions"}],"predecessor-version":[{"id":5904,"href":"https:\/\/www.misupport.dk\/de\/wp-json\/wp\/v2\/pages\/5252\/revisions\/5904"}],"wp:featuredmedia":[{"embeddable":true,"href":"https:\/\/www.misupport.dk\/de\/wp-json\/wp\/v2\/media\/5251"}],"wp:attachment":[{"href":"https:\/\/www.misupport.dk\/de\/wp-json\/wp\/v2\/media?parent=5252"}],"curies":[{"name":"wp","href":"https:\/\/api.w.org\/{rel}","templated":true}]}}