{"id":5228,"date":"2024-02-13T14:07:25","date_gmt":"2024-02-13T13:07:25","guid":{"rendered":"https:\/\/www.misupport.dk\/?page_id=5228"},"modified":"2025-01-08T14:18:56","modified_gmt":"2025-01-08T14:18:56","slug":"gegenuber-malene","status":"publish","type":"page","link":"https:\/\/www.misupport.dk\/de\/gegenuber-malene\/","title":{"rendered":"Treffen Sie Malene"},"content":{"rendered":"<section class=\"bde-section-5228-126 bde-section\">\n              \n  \n  \n\t\n\n  <div class=\"section-background-overlay\"><\/div>\n\n\n<div class=\"section-container\"><h1 class=\"bde-heading-5228-127 bde-heading\">\nTreffen Sie einen MI Support\n<\/h1><div class=\"bde-text-5228-128 bde-text\">\nAls Unternehmen st\u00fctzt sich MI Support auf unsere tatkr\u00e4ftigen, verantwortungsbewussten und motivierten Mitarbeiter, die mit professionellem Stolz und Engagement an der L\u00f6sung der Herausforderungen unserer Kunden arbeiten.<br><br>Lernen Sie unsere Berater hier besser kennen.\n<\/div><\/div>\n<\/section><section class=\"bde-section-5228-105 bde-section\">\n  \n  \n\t\n\n\n\n<div class=\"section-container\"><h2 class=\"bde-heading-5228-106 bde-heading\">\nTreffen Sie Malene Kjeldsted\n<\/h2><div class=\"bde-text-5228-116 bde-text\">\nJr. Bauleiter\n<\/div><\/div>\n<\/section><section class=\"bde-section-5228-115 bde-section\">\n  \n  \n\t\n\n\n\n<div class=\"section-container\"><div class=\"bde-text-5228-117 bde-text\">\n\"Es war \u00fcberhaupt nicht geplant, dass ich mitten in der Baubranche landen w\u00fcrde.\"<br>\n<\/div><div class=\"bde-text-5228-118 bde-text\">\n<br>Das sagt die 34-j\u00e4hrige Malene Kjeldsted, die als Bauleiterin bei unserem Partner Digital Realty arbeitet. Als sie vor anderthalb Jahren zu MI Support kam, war nicht abzusehen, dass sie einmal als Beraterin f\u00fcr ein Bauprojekt arbeiten w\u00fcrde.<br><br>\"Bevor ich letztes Jahr zum Hauptsitz von MI Support kam, hatte ich bereits Verwaltungspositionen in der Reisebranche inne. Hier wurde ich Teil der Verwaltung, wo ich f\u00fcr die Erstellung von Berichten, Verkaufs- und Besprechungs\u00fcbersichten und allgemein f\u00fcr die Zusammenstellung der Dinge von Woche zu Woche verantwortlich war\", erkl\u00e4rt sie.<br><br>\n<\/div><div class=\"bde-image-5228-119 bde-image\">\n<figure class=\"breakdance-image breakdance-image--5204\">\n\t<div class=\"breakdance-image-container\">\n\t\t<div class=\"breakdance-image-clip\"><img loading=\"lazy\" decoding=\"async\" class=\"breakdance-image-object\" src=\"https:\/\/www.misupport.dk\/wp-content\/uploads\/Malene-Kjeldsted-scaled-1.jpg\" width=\"2560\" height=\"1707\" srcset=\"https:\/\/www.misupport.dk\/wp-content\/uploads\/Malene-Kjeldsted-scaled-1.jpg 2560w, https:\/\/www.misupport.dk\/wp-content\/uploads\/Malene-Kjeldsted-scaled-1-300x200.jpg 300w, https:\/\/www.misupport.dk\/wp-content\/uploads\/Malene-Kjeldsted-scaled-1-1024x683.jpg 1024w, https:\/\/www.misupport.dk\/wp-content\/uploads\/Malene-Kjeldsted-scaled-1-768x512.jpg 768w, https:\/\/www.misupport.dk\/wp-content\/uploads\/Malene-Kjeldsted-scaled-1-1536x1024.jpg 1536w, https:\/\/www.misupport.dk\/wp-content\/uploads\/Malene-Kjeldsted-scaled-1-2048x1366.jpg 2048w\" sizes=\"auto, (max-width: 2560px) 100vw, 2560px\"><\/div>\n\t<\/div><\/figure>\n\n<\/div><div class=\"bde-text-5228-120 bde-text\">\n<br><br>\n<\/div><div class=\"bde-text-5228-121 bde-text\">\nDer Beginn einer unerwarteten Reise\n<\/div><div class=\"bde-text-5228-122 bde-text\">\nAls die Vertriebsabteilung von MI Support immer wieder Anfragen nach Verwaltungsberatern f\u00fcr Projekte erhielt, weckte dies schlie\u00dflich Malenes Interesse.<br><br>\"Am Anfang war es nur eine Reihe von Schreibarbeiten, so dass ich zwischen dem Projekt und der Zentrale hin und her pendelte. Ehe ich mich versah, war ich jeden Tag in der Woche am Projekt.\"<br><br>Malenes erstes Projekt war ein gro\u00dfes neues Rechenzentrum, wo sie als Projektassistentin arbeitete. Danach stieg sie zur Projektmanagerin f\u00fcr den Bau eines neuen Wachhauses\/Empfangszentrums auf, wo sie derzeit f\u00fcr Budget, Zeitplan, Koordination und Berichterstattung verantwortlich ist.\n<\/div><div class=\"bde-text-5228-124 bde-text\">\nSicherheit im Unsicheren\n<\/div><div class=\"bde-text-5228-125 bde-text\">\nIhre Zeit in der Verwaltung von MI Support hat Malene einen guten Einblick in die Grundwerte und das Gesch\u00e4ftsmodell des Unternehmens gegeben.<br><br>\"Ich wei\u00df, dass die Vertriebsabteilung immer hart daran arbeitet, dass meine Kompetenzen zum Einsatz kommen k\u00f6nnen - zum Beispiel im Zusammenhang mit einer Projekt\u00e4nderung oder wenn der aktuelle Auftrag endet. Nat\u00fcrlich werde ich auch in den Prozess einbezogen, damit wir gemeinsam die richtige Zusammenarbeit finden k\u00f6nnen.\"<br><br>Alles in allem deutet vieles darauf hin, dass die Arbeit als Beraterin und der etwas unberechenbare Arbeitstag Malene gut liegen. Gleichzeitig sieht sie gro\u00dfe Entwicklungsm\u00f6glichkeiten in der neuen Branche, in der sie sich wiedergefunden hat:<br><br>\"Es gibt so viel zu lernen und so viele spannende Aufgaben zu l\u00f6sen\", sagt sie. \"Und im Moment macht mir die Arbeit als Beraterin wirklich Spa\u00df!\"\n<\/div><\/div>\n<\/section><section class=\"bde-section-5228-107 bde-section\">\n  \n  \n\t\n\n\n\n<div class=\"section-container\"><div class=\"bde-columns-5228-108 bde-columns\"><div class=\"bde-column-5228-109 bde-column\">\n  \n  \n\t\n\n\n\n<div class=\"bde-image-5228-110 bde-image\">\n<figure class=\"breakdance-image breakdance-image--55\">\n\t<div class=\"breakdance-image-container\">\n\t\t<div class=\"breakdance-image-clip\"><img loading=\"lazy\" decoding=\"async\" class=\"breakdance-image-object\" src=\"https:\/\/www.misupport.dk\/wp-content\/uploads\/MISupportIT_NTK4170-scaled.jpg\" width=\"2560\" height=\"1707\" srcset=\"https:\/\/www.misupport.dk\/wp-content\/uploads\/MISupportIT_NTK4170-scaled.jpg 2560w, https:\/\/www.misupport.dk\/wp-content\/uploads\/MISupportIT_NTK4170-300x200.jpg 300w, https:\/\/www.misupport.dk\/wp-content\/uploads\/MISupportIT_NTK4170-1024x683.jpg 1024w, https:\/\/www.misupport.dk\/wp-content\/uploads\/MISupportIT_NTK4170-768x512.jpg 768w, https:\/\/www.misupport.dk\/wp-content\/uploads\/MISupportIT_NTK4170-1536x1024.jpg 1536w, https:\/\/www.misupport.dk\/wp-content\/uploads\/MISupportIT_NTK4170-2048x1365.jpg 2048w\" sizes=\"auto, (max-width: 2560px) 100vw, 2560px\" alt=\"B\u00fcroleute\"><\/div>\n\t<\/div><\/figure>\n\n<\/div>\n<\/div><div class=\"bde-column-5228-111 bde-column\">\n  \n  \n\t\n\n\n\n<h2 class=\"bde-heading-5228-112 bde-heading\">\nSind Sie unser neuer Kollege?<br>\n<\/h2><div class=\"bde-text-5228-113 bde-text\">\nWir bei MI Support sind immer auf der Suche nach neuen, talentierten Kollegen, die unser Team verst\u00e4rken m\u00f6chten. Wir ver\u00f6ffentlichen regelm\u00e4\u00dfig freie Stellen und Sie k\u00f6nnen sich gerne in unsere Lebenslaufdatenbank eintragen, die wir st\u00e4ndig auf interessante Profile \u00fcberpr\u00fcfen.<br><br>MI Support ist ein dynamischer Arbeitsplatz, an dem es vom Denken zum Handeln nicht weit ist. Wir bieten engagierte und gute Kollegen mit einem Schwerpunkt auf Entwicklung und professionellem Sparring. Dar\u00fcber hinaus haben wir gute und stabile Arbeitsbedingungen und legen Wert auf ein angenehmes Arbeitsumfeld mit h\u00e4ufigen gesellschaftlichen Veranstaltungen.\n<\/div><div class=\"bde-button-5228-114 bde-button\">\n    \n                                    \n    \n    \n    \n    \n            \n                    \n            \n            \n\n    \n    \n    \n    \n    \n    <a class=\"breakdance-link button-atom button-atom--primary bde-button__button\" href=\"https:\/\/misupport.career.emply.com\/da\/ledige-stillinger\" target=\"_self\" data-type=\"url\" rel=\"noopener\">\n\n    \n        <span class=\"button-atom__text\">Siehe unser Stellenangebot<\/span>\n\n        \n        \n                <\/a>\n\n    \n\n\n<\/div>\n<\/div><\/div><\/div>\n<\/section>","protected":false},"excerpt":{"rendered":"<p>Treffen Sie einen MI-Supporter Als Unternehmen basiert MI Support auf unseren tatkr\u00e4ftigen, verantwortungsbewussten und motivierten Mitarbeitern, die mit professionellem Stolz und Engagement an der L\u00f6sung der Herausforderungen unserer Kunden arbeiten. Lernen Sie unsere Berater hier besser kennen. Treffen Sie Malene Kjeldsted Jr. Construction Manager \"Ich hatte \u00fcberhaupt nicht geplant, mitten in der Baubranche zu landen.\" [...]<\/p>","protected":false},"author":1,"featured_media":5204,"parent":0,"menu_order":0,"comment_status":"closed","ping_status":"closed","template":"","meta":{"content-type":"","_breakdance_hide_in_design_set":false,"_breakdance_tags":"","footnotes":""},"class_list":["post-5228","page","type-page","status-publish","has-post-thumbnail","hentry"],"_links":{"self":[{"href":"https:\/\/www.misupport.dk\/de\/wp-json\/wp\/v2\/pages\/5228","targetHints":{"allow":["GET"]}}],"collection":[{"href":"https:\/\/www.misupport.dk\/de\/wp-json\/wp\/v2\/pages"}],"about":[{"href":"https:\/\/www.misupport.dk\/de\/wp-json\/wp\/v2\/types\/page"}],"author":[{"embeddable":true,"href":"https:\/\/www.misupport.dk\/de\/wp-json\/wp\/v2\/users\/1"}],"replies":[{"embeddable":true,"href":"https:\/\/www.misupport.dk\/de\/wp-json\/wp\/v2\/comments?post=5228"}],"version-history":[{"count":21,"href":"https:\/\/www.misupport.dk\/de\/wp-json\/wp\/v2\/pages\/5228\/revisions"}],"predecessor-version":[{"id":5906,"href":"https:\/\/www.misupport.dk\/de\/wp-json\/wp\/v2\/pages\/5228\/revisions\/5906"}],"wp:featuredmedia":[{"embeddable":true,"href":"https:\/\/www.misupport.dk\/de\/wp-json\/wp\/v2\/media\/5204"}],"wp:attachment":[{"href":"https:\/\/www.misupport.dk\/de\/wp-json\/wp\/v2\/media?parent=5228"}],"curies":[{"name":"wp","href":"https:\/\/api.w.org\/{rel}","templated":true}]}}