{"id":5224,"date":"2024-02-13T13:51:33","date_gmt":"2024-02-13T12:51:33","guid":{"rendered":"https:\/\/www.misupport.dk\/?page_id=5224"},"modified":"2025-04-30T13:34:37","modified_gmt":"2025-04-30T13:34:37","slug":"gegen-diese","status":"publish","type":"page","link":"https:\/\/www.misupport.dk\/de\/gegen-diese\/","title":{"rendered":"Treffen Sie Dan"},"content":{"rendered":"<section class=\"bde-section-5224-135 bde-section\">\n              \n  \n  \n\t\n\n  <div class=\"section-background-overlay\"><\/div>\n\n\n<div class=\"section-container\"><h1 class=\"bde-heading-5224-136 bde-heading\">\nTreffen Sie einen MI Support\n<\/h1><div class=\"bde-text-5224-137 bde-text\">\nAls Unternehmen st\u00fctzt sich MI Support auf unsere tatkr\u00e4ftigen, verantwortungsbewussten und motivierten Mitarbeiter, die mit professionellem Stolz und Engagement an der L\u00f6sung der Herausforderungen unserer Kunden arbeiten.<br><br>Lernen Sie unsere Berater hier besser kennen.\n<\/div><\/div>\n<\/section><section class=\"bde-section-5224-115 bde-section\">\n  \n  \n\t\n\n\n\n<div class=\"section-container\"><h2 class=\"bde-heading-5224-116 bde-heading\">\nM\u00f8d Dan Steen Larsen\n<\/h2><div class=\"bde-text-5224-117 bde-text\">\nSr. EHS-Koordinator &amp; Standortleiter\n<\/div><\/div>\n<\/section><section class=\"bde-section-5224-118 bde-section\">\n  \n  \n\t\n\n\n\n<div class=\"section-container\"><div class=\"bde-text-5224-119 bde-text\">\n\"Nat\u00fcrlich kann ich eingreifen, wenn es n\u00f6tig ist. Aber ich tue immer mein Bestes, um den Leuten auf Augenh\u00f6he zu begegnen und gegenseitigen Respekt mit der Crew vor Ort aufzubauen.\"<br>\n<\/div><div class=\"bde-text-5224-120 bde-text\">\n<br>So beschreibt Dan Steen Larsen seine Arbeit als Sicherheitskoordinator bei MI Support.<br><br>\"Ein pragmatischer und kooperativer Ansatz f\u00fcr die Sicherheit ist f\u00fcr mich weitaus effektiver als ein Polizeibeamter\", betont er. \"So arbeite ich also.\"<br><br>\n<\/div><div class=\"bde-image-5224-121 bde-image\">\n<figure class=\"breakdance-image breakdance-image--5203\">\n\t<div class=\"breakdance-image-container\">\n\t\t<div class=\"breakdance-image-clip\"><img loading=\"lazy\" decoding=\"async\" class=\"breakdance-image-object\" src=\"https:\/\/www.misupport.dk\/wp-content\/uploads\/Dan-Steen-Larsen-scaled-1.jpg\" width=\"2560\" height=\"1706\" srcset=\"https:\/\/www.misupport.dk\/wp-content\/uploads\/Dan-Steen-Larsen-scaled-1.jpg 2560w, https:\/\/www.misupport.dk\/wp-content\/uploads\/Dan-Steen-Larsen-scaled-1-300x200.jpg 300w, https:\/\/www.misupport.dk\/wp-content\/uploads\/Dan-Steen-Larsen-scaled-1-1024x682.jpg 1024w, https:\/\/www.misupport.dk\/wp-content\/uploads\/Dan-Steen-Larsen-scaled-1-768x512.jpg 768w, https:\/\/www.misupport.dk\/wp-content\/uploads\/Dan-Steen-Larsen-scaled-1-1536x1024.jpg 1536w, https:\/\/www.misupport.dk\/wp-content\/uploads\/Dan-Steen-Larsen-scaled-1-2048x1365.jpg 2048w\" sizes=\"auto, (max-width: 2560px) 100vw, 2560px\"><\/div>\n\t<\/div><\/figure>\n\n<\/div><div class=\"bde-text-5224-123 bde-text\">\nAlles ist m\u00f6glich\n<\/div><div class=\"bde-text-5224-124 bde-text\">\nZurzeit arbeitet Dan mit COWI zusammen, um den Bau des Bodil Eskesen Centre f\u00fcr die Hauptstadtregion D\u00e4nemarks abzuschlie\u00dfen, an dem er fast seit Beginn vor 4 Jahren beteiligt ist.<br><br>Seine Hauptaufgabe bei diesem Projekt besteht darin, \"die Dinge zum Laufen zu bringen und das aufzufangen, was zwischen die Leitern f\u00e4llt.\"<br><br>Auch im w\u00f6rtlichen Sinne, wie es passieren kann, wenn viele verschiedene Berufsgruppen gleichzeitig arbeiten.<br><br>Im Allgemeinen neigt Dan dazu, viele verschiedene Aufgaben zu \u00fcbernehmen und war daher auch f\u00fcr die Zugangskontrolle und die Alarmanlage des Projekts verantwortlich.<br><br>\"Ich habe die F\u00e4higkeit - oder das Engagement, wenn Sie so wollen -, viel zuzulassen. Alles ist m\u00f6glich, das ist meine Einstellung\", erkl\u00e4rt er.\n<\/div><div class=\"bde-text-5224-125 bde-text\">\nDie Bedeutung von guten Beziehungen\n<\/div><div class=\"bde-text-5224-126 bde-text\">\n\"Sicherheit ist selten ein Thema, das auf einer Baustelle viel Begeisterung ausl\u00f6st. Deshalb geht alles etwas leichter, wenn ich eine gute Beziehung zu den Handwerkern und der Bauleitung aufbauen kann.<br><br>Sein Ziel ist es daher, an einem Arbeitstag 80% vor Ort und 20% im B\u00fcro zu sein.<br><br>\"Gleichzeitig bin ich zusammen mit der Bauleitung sehr daran interessiert, die Leute f\u00fcr ihre gute Arbeit zu belohnen - sei es mit dem Hotdog-Stand, dem Eiswagen oder was auch immer wir sonst hatten. Ich habe das Gef\u00fchl, dass dies einen gro\u00dfen Unterschied f\u00fcr die Zusammenarbeit vor Ort macht.\"\n<\/div><\/div>\n<\/section><section class=\"bde-section-5224-127 bde-section\">\n  \n  \n\t\n\n\n\n<div class=\"section-container\"><div class=\"bde-image-5224-130 bde-image\">\n<figure class=\"breakdance-image breakdance-image--5227\">\n\t<div class=\"breakdance-image-container\">\n\t\t<div class=\"breakdance-image-clip\"><img loading=\"lazy\" decoding=\"async\" class=\"breakdance-image-object\" src=\"https:\/\/www.misupport.dk\/wp-content\/uploads\/20231101_104534161_iOS-scaled-1.jpg\" width=\"2560\" height=\"1920\" srcset=\"https:\/\/www.misupport.dk\/wp-content\/uploads\/20231101_104534161_iOS-scaled-1.jpg 2560w, https:\/\/www.misupport.dk\/wp-content\/uploads\/20231101_104534161_iOS-scaled-1-300x225.jpg 300w, https:\/\/www.misupport.dk\/wp-content\/uploads\/20231101_104534161_iOS-scaled-1-1024x768.jpg 1024w, https:\/\/www.misupport.dk\/wp-content\/uploads\/20231101_104534161_iOS-scaled-1-768x576.jpg 768w, https:\/\/www.misupport.dk\/wp-content\/uploads\/20231101_104534161_iOS-scaled-1-1536x1152.jpg 1536w, https:\/\/www.misupport.dk\/wp-content\/uploads\/20231101_104534161_iOS-scaled-1-2048x1536.jpg 2048w\" sizes=\"auto, (max-width: 2560px) 100vw, 2560px\"><\/div>\n\t<\/div><\/figure>\n\n<\/div><div class=\"bde-text-5224-131 bde-text\">\nEin anderer Ansatz f\u00fcr die Sicherheit\n<\/div><div class=\"bde-text-5224-132 bde-text\">\nDan ist seit 15 Jahren bei MI Support t\u00e4tig, aber eine Karriere im Sicherheitsbereich war nicht immer geplant.<br><br>Dan hat urspr\u00fcnglich eine Ausbildung als Fahrradmechaniker absolviert und auch schon viele Abbrucharbeiten durchgef\u00fchrt. In den letzten 10 Jahren stand jedoch die Sicherheit im Mittelpunkt seines Arbeitslebens.<br><br>\"Was mich von vielen anderen Sicherheitsmanagern unterscheidet, ist, dass ich keinen akademischen Hintergrund habe. Nat\u00fcrlich habe ich das Programm zum Sicherheits- und Gesundheitsschutzkoordinator absolviert, aber ich habe keinen Hintergrund als Bauunternehmer oder \u00e4hnliches\", erkl\u00e4rt er.<br><br>Andererseits war Dan selbst Teil der Crew und hat den gesamten Sicherheitsaspekt aus einer anderen Perspektive erlebt.<br><br>\"Eine Einsicht, die ich bei meiner Arbeit als Sicherheitskoordinator bis heute als gro\u00dfen Vorteil betrachte.\"\n<\/div><div class=\"bde-text-5224-133 bde-text\">\nDie Bedeutung von guten Beziehungen\n<\/div><div class=\"bde-text-5224-134 bde-text\">\n\"Sicherheit ist selten ein Thema, das auf einer Baustelle viel Begeisterung ausl\u00f6st. Deshalb geht alles etwas leichter, wenn ich eine gute Beziehung zu den Handwerkern und der Bauleitung aufbauen kann.<br><br>Sein Ziel ist es daher, an einem Arbeitstag 80% vor Ort und 20% im B\u00fcro zu sein.<br><br>\"Gleichzeitig bin ich zusammen mit der Bauleitung sehr daran interessiert, die Leute f\u00fcr ihre gute Arbeit zu belohnen - sei es mit dem Hotdog-Stand, dem Eiswagen oder was auch immer wir sonst hatten. Ich habe das Gef\u00fchl, dass dies einen gro\u00dfen Unterschied f\u00fcr die Zusammenarbeit vor Ort macht.\"\n<\/div><\/div>\n<\/section><section class=\"bde-section-5224-107 bde-section\">\n  \n  \n\t\n\n\n\n<div class=\"section-container\"><div class=\"bde-columns-5224-108 bde-columns\"><div class=\"bde-column-5224-109 bde-column\">\n  \n  \n\t\n\n\n\n<div class=\"bde-image-5224-110 bde-image\">\n<figure class=\"breakdance-image breakdance-image--55\">\n\t<div class=\"breakdance-image-container\">\n\t\t<div class=\"breakdance-image-clip\"><img loading=\"lazy\" decoding=\"async\" class=\"breakdance-image-object\" src=\"https:\/\/www.misupport.dk\/wp-content\/uploads\/MISupportIT_NTK4170-scaled.jpg\" width=\"2560\" height=\"1707\" srcset=\"https:\/\/www.misupport.dk\/wp-content\/uploads\/MISupportIT_NTK4170-scaled.jpg 2560w, https:\/\/www.misupport.dk\/wp-content\/uploads\/MISupportIT_NTK4170-300x200.jpg 300w, https:\/\/www.misupport.dk\/wp-content\/uploads\/MISupportIT_NTK4170-1024x683.jpg 1024w, https:\/\/www.misupport.dk\/wp-content\/uploads\/MISupportIT_NTK4170-768x512.jpg 768w, https:\/\/www.misupport.dk\/wp-content\/uploads\/MISupportIT_NTK4170-1536x1024.jpg 1536w, https:\/\/www.misupport.dk\/wp-content\/uploads\/MISupportIT_NTK4170-2048x1365.jpg 2048w\" sizes=\"auto, (max-width: 2560px) 100vw, 2560px\" alt=\"B\u00fcroleute\"><\/div>\n\t<\/div><\/figure>\n\n<\/div>\n<\/div><div class=\"bde-column-5224-111 bde-column\">\n  \n  \n\t\n\n\n\n<h2 class=\"bde-heading-5224-112 bde-heading\">\nSind Sie unser neuer Kollege?<br>\n<\/h2><div class=\"bde-text-5224-113 bde-text\">\nWir bei MI Support sind immer auf der Suche nach neuen, talentierten Kollegen, die unser Team verst\u00e4rken m\u00f6chten. Wir ver\u00f6ffentlichen regelm\u00e4\u00dfig freie Stellen und Sie k\u00f6nnen sich gerne in unsere Lebenslaufdatenbank eintragen, die wir st\u00e4ndig auf interessante Profile \u00fcberpr\u00fcfen.<br><br>MI Support ist ein dynamischer Arbeitsplatz, an dem es vom Denken zum Handeln nicht weit ist. Wir bieten engagierte und gute Kollegen mit einem Schwerpunkt auf Entwicklung und professionellem Sparring. Dar\u00fcber hinaus haben wir gute und stabile Arbeitsbedingungen und legen Wert auf ein angenehmes Arbeitsumfeld mit h\u00e4ufigen gesellschaftlichen Veranstaltungen.\n<\/div><div class=\"bde-button-5224-114 bde-button\">\n    \n                                    \n    \n    \n    \n    \n            \n                    \n            \n            \n\n    \n    \n    \n    \n    \n    <a class=\"breakdance-link button-atom button-atom--primary bde-button__button\" href=\"https:\/\/misupport.career.emply.com\/da\/ledige-stillinger\" target=\"_self\" data-type=\"url\" rel=\"noopener\">\n\n    \n        <span class=\"button-atom__text\">Siehe unser Stellenangebot<\/span>\n\n        \n        \n                <\/a>\n\n    \n\n\n<\/div>\n<\/div><\/div><\/div>\n<\/section>","protected":false},"excerpt":{"rendered":"<p>M\u00f8d en MI Supporter Som virksomhed er MI Support baseret p\u00e5 vores handlekraftige, ansvarlige og motiverede medarbejdere, der med faglig stolthed arbejder m\u00e5lrettet og engageret for at l\u00f8se vores kunders udfordringer.L\u00e6r vores konsulenter bedre at kende her. M\u00f8d Dan Steen Larsen Sr. EHS Coordinator &#038; Site Manager \u201dSelvf\u00f8lgelig kan jeg tr\u00e6de i karakter, n\u00e5r det [&hellip;]<\/p>","protected":false},"author":1,"featured_media":5203,"parent":0,"menu_order":0,"comment_status":"closed","ping_status":"closed","template":"","meta":{"content-type":"","_breakdance_hide_in_design_set":false,"_breakdance_tags":"","footnotes":""},"class_list":["post-5224","page","type-page","status-publish","has-post-thumbnail","hentry"],"_links":{"self":[{"href":"https:\/\/www.misupport.dk\/de\/wp-json\/wp\/v2\/pages\/5224","targetHints":{"allow":["GET"]}}],"collection":[{"href":"https:\/\/www.misupport.dk\/de\/wp-json\/wp\/v2\/pages"}],"about":[{"href":"https:\/\/www.misupport.dk\/de\/wp-json\/wp\/v2\/types\/page"}],"author":[{"embeddable":true,"href":"https:\/\/www.misupport.dk\/de\/wp-json\/wp\/v2\/users\/1"}],"replies":[{"embeddable":true,"href":"https:\/\/www.misupport.dk\/de\/wp-json\/wp\/v2\/comments?post=5224"}],"version-history":[{"count":16,"href":"https:\/\/www.misupport.dk\/de\/wp-json\/wp\/v2\/pages\/5224\/revisions"}],"predecessor-version":[{"id":5928,"href":"https:\/\/www.misupport.dk\/de\/wp-json\/wp\/v2\/pages\/5224\/revisions\/5928"}],"wp:featuredmedia":[{"embeddable":true,"href":"https:\/\/www.misupport.dk\/de\/wp-json\/wp\/v2\/media\/5203"}],"wp:attachment":[{"href":"https:\/\/www.misupport.dk\/de\/wp-json\/wp\/v2\/media?parent=5224"}],"curies":[{"name":"wp","href":"https:\/\/api.w.org\/{rel}","templated":true}]}}