{"id":5222,"date":"2024-02-13T13:09:16","date_gmt":"2024-02-13T12:09:16","guid":{"rendered":"https:\/\/www.misupport.dk\/?page_id=5222"},"modified":"2025-01-08T14:18:14","modified_gmt":"2025-01-08T14:18:14","slug":"gegenuber-daniel","status":"publish","type":"page","link":"https:\/\/www.misupport.dk\/de\/gegenuber-daniel\/","title":{"rendered":"Treffen Sie Daniel"},"content":{"rendered":"<section class=\"bde-section-5222-132 bde-section\">\n              \n  \n  \n\t\n\n  <div class=\"section-background-overlay\"><\/div>\n\n\n<div class=\"section-container\"><h1 class=\"bde-heading-5222-133 bde-heading\">\nTreffen Sie einen MI Support\n<\/h1><div class=\"bde-text-5222-134 bde-text\">\nAls Unternehmen st\u00fctzt sich MI Support auf unsere tatkr\u00e4ftigen, verantwortungsbewussten und motivierten Mitarbeiter, die mit professionellem Stolz und Engagement an der L\u00f6sung der Herausforderungen unserer Kunden arbeiten.<br><br>Lernen Sie unsere Berater hier besser kennen.\n<\/div><\/div>\n<\/section><section class=\"bde-section-5222-115 bde-section\">\n  \n  \n\t\n\n\n\n<div class=\"section-container\"><h2 class=\"bde-heading-5222-116 bde-heading\">\nTreffen Sie Daniel Aghdami\n<\/h2><div class=\"bde-text-5222-117 bde-text\">\nLeiter der Konstruktion\n<\/div><\/div>\n<\/section><section class=\"bde-section-5222-118 bde-section\">\n  \n  \n\t\n\n\n\n<div class=\"section-container\"><div class=\"bde-text-5222-119 bde-text\">\n\"Ich bin ein Chaospilot. Das war ich schon immer. Ich mag es, dass es immer etwas zu beachten gibt und dass es manchmal ein wenig Druck gibt.\"<br><br>Das sagt der 27-j\u00e4hrige Daniel Aghdami, der als Construction Leader bei MI Support arbeitet.<br><br>T\u00e4glich ist Daniel an allem beteiligt, von Sicherheitsrunden und \u00dcberwachung bis hin zur Planung und Koordinierung der vielen verschiedenen Aktivit\u00e4ten in dem Projekt, an dem er in Zusammenarbeit mit Nordika beteiligt ist.<br><br>\n<\/div><div class=\"bde-image-5222-120 bde-image\">\n<figure class=\"breakdance-image breakdance-image--5201\">\n\t<div class=\"breakdance-image-container\">\n\t\t<div class=\"breakdance-image-clip\"><img loading=\"lazy\" decoding=\"async\" class=\"breakdance-image-object\" src=\"https:\/\/www.misupport.dk\/wp-content\/uploads\/Daniel-Aghdami.jpg\" width=\"954\" height=\"636\" srcset=\"https:\/\/www.misupport.dk\/wp-content\/uploads\/Daniel-Aghdami.jpg 954w, https:\/\/www.misupport.dk\/wp-content\/uploads\/Daniel-Aghdami-300x200.jpg 300w, https:\/\/www.misupport.dk\/wp-content\/uploads\/Daniel-Aghdami-768x512.jpg 768w\" sizes=\"auto, (max-width: 954px) 100vw, 954px\"><\/div>\n\t<\/div><\/figure>\n\n<\/div><div class=\"bde-text-5222-121 bde-text\">\n<br><br>\"Ein guter Tag ist f\u00fcr mich, wenn das Telefon ein wenig klingelt und man eine Menge Herausforderungen l\u00f6sen kann\", erkl\u00e4rt er.<br><br>Mit einer Ausbildung als Baukoordinator ist Daniel gut darin, \"das Puzzle zusammenzuf\u00fcgen\", wenn auf der Baustelle Herausforderungen auftreten. Auch wenn es schnell gehen muss, wie es bei komplexen Bauprojekten manchmal der Fall ist.\n<\/div><div class=\"bde-text-5222-122 bde-text\">\nEine Leidenschaft f\u00fcr unorthodoxes Bauen\n<\/div><div class=\"bde-text-5222-123 bde-text\">\nDie berufliche Herausforderung ist einer der Hauptgr\u00fcnde f\u00fcr Daniels Motivation.<br>Er hat zuvor am New Hospital North Zealand gearbeitet, wo er einen Operationssaal als Projekt hatte. Eine \"pikante\", aber nichtsdestotrotz spannende Aufgabe.<br><br>\"Ich bevorzuge es eigentlich, wenn es erschwerende Umst\u00e4nde gibt und man sich mit den Regeln vertraut machen muss\", erkl\u00e4rt er. \"Ich interessiere mich zum Beispiel sehr f\u00fcr Recht und lese gerne dar\u00fcber - ich kann auch ein bisschen nerdy sein, wenn es um Zahlen geht.\"<br><br>Daniel hat auch immer davon getr\u00e4umt, an einigen der wirklich gro\u00dfen und unorthodoxen Bauprojekte zu arbeiten.<br><br>\"Ein ehemaliger Kollege hat mir von MI Support erz\u00e4hlt und ich habe mich im Juli beworben\", sagt er. \"Jetzt bin ich seit vier Monaten hier und habe mich sehr gut eingelebt.\n<\/div><div class=\"bde-text-5222-124 bde-text\">\nGute Kommunikation sorgt f\u00fcr zufriedene Kollegen\n<\/div><div class=\"bde-text-5222-125 bde-text\">\nWas Daniel und seine Arbeitsweise besonders auszeichnet, ist seine Kommunikationsf\u00e4higkeit.<br><br>\"Ich versuche, mich so zu formulieren, dass so wenig L\u00e4rm wie m\u00f6glich dazwischen ist. Das bedeutet, dass die Botschaft oft genauso empfangen wird, wie sie gesendet wird.\"<br><br>Gleichzeitig hat Daniel ein pers\u00f6nliches Interesse an und Wissen \u00fcber Psychologie und K\u00f6rpersprache, das er nat\u00fcrlich im Alltag anwendet.<br><br>\"Wenn ich Menschen treffe - sei es bei der Arbeit oder zu Hause - analysiere ich als erstes ihr Verhalten und ihre Motivation. Von dort aus organisiere ich dann die Kommunikation.\"<br><br>Auf diese Weise wird Daniel von den vielen verschiedenen Menschen, die an seinem Projekt arbeiten, oft mit einem L\u00e4cheln begr\u00fc\u00dft.<br><br>\"Ich habe also keinen Zweifel daran, dass es ein super effektiver Ansatz ist.\"\n<\/div><\/div>\n<\/section><section class=\"bde-section-5222-107 bde-section\">\n  \n  \n\t\n\n\n\n<div class=\"section-container\"><div class=\"bde-columns-5222-108 bde-columns\"><div class=\"bde-column-5222-109 bde-column\">\n  \n  \n\t\n\n\n\n<div class=\"bde-image-5222-110 bde-image\">\n<figure class=\"breakdance-image breakdance-image--55\">\n\t<div class=\"breakdance-image-container\">\n\t\t<div class=\"breakdance-image-clip\"><img loading=\"lazy\" decoding=\"async\" class=\"breakdance-image-object\" src=\"https:\/\/www.misupport.dk\/wp-content\/uploads\/MISupportIT_NTK4170-scaled.jpg\" width=\"2560\" height=\"1707\" srcset=\"https:\/\/www.misupport.dk\/wp-content\/uploads\/MISupportIT_NTK4170-scaled.jpg 2560w, https:\/\/www.misupport.dk\/wp-content\/uploads\/MISupportIT_NTK4170-300x200.jpg 300w, https:\/\/www.misupport.dk\/wp-content\/uploads\/MISupportIT_NTK4170-1024x683.jpg 1024w, https:\/\/www.misupport.dk\/wp-content\/uploads\/MISupportIT_NTK4170-768x512.jpg 768w, https:\/\/www.misupport.dk\/wp-content\/uploads\/MISupportIT_NTK4170-1536x1024.jpg 1536w, https:\/\/www.misupport.dk\/wp-content\/uploads\/MISupportIT_NTK4170-2048x1365.jpg 2048w\" sizes=\"auto, (max-width: 2560px) 100vw, 2560px\" alt=\"B\u00fcroleute\"><\/div>\n\t<\/div><\/figure>\n\n<\/div>\n<\/div><div class=\"bde-column-5222-111 bde-column\">\n  \n  \n\t\n\n\n\n<h2 class=\"bde-heading-5222-112 bde-heading\">\nSind Sie unser neuer Kollege?<br>\n<\/h2><div class=\"bde-text-5222-113 bde-text\">\nWir bei MI Support sind immer auf der Suche nach neuen, talentierten Kollegen, die unser Team verst\u00e4rken m\u00f6chten. Wir ver\u00f6ffentlichen regelm\u00e4\u00dfig freie Stellen und Sie k\u00f6nnen sich gerne in unsere Lebenslaufdatenbank eintragen, die wir st\u00e4ndig auf interessante Profile \u00fcberpr\u00fcfen.<br><br>MI Support ist ein dynamischer Arbeitsplatz, an dem es vom Denken zum Handeln nicht weit ist. Wir bieten engagierte und gute Kollegen mit einem Schwerpunkt auf Entwicklung und professionellem Sparring. Dar\u00fcber hinaus haben wir gute und stabile Arbeitsbedingungen und legen Wert auf ein angenehmes Arbeitsumfeld mit h\u00e4ufigen gesellschaftlichen Veranstaltungen.\n<\/div><div class=\"bde-button-5222-114 bde-button\">\n    \n                                    \n    \n    \n    \n    \n            \n                    \n            \n            \n\n    \n    \n    \n    \n    \n    <a class=\"breakdance-link button-atom button-atom--primary bde-button__button\" href=\"https:\/\/misupport.career.emply.com\/da\/ledige-stillinger\" target=\"_self\" data-type=\"url\" rel=\"noopener\">\n\n    \n        <span class=\"button-atom__text\">Siehe unser Stellenangebot<\/span>\n\n        \n        \n                <\/a>\n\n    \n\n\n<\/div>\n<\/div><\/div><\/div>\n<\/section>","protected":false},"excerpt":{"rendered":"<p>Treffen Sie einen MI Supporter Als Unternehmen basiert MI Support auf unseren tatkr\u00e4ftigen, verantwortungsbewussten und motivierten Mitarbeitern, die mit professionellem Stolz und Engagement an der L\u00f6sung der Herausforderungen unserer Kunden arbeiten. Lernen Sie unsere Berater hier n\u00e4her kennen. Treffen Sie Daniel Aghdami Construction Leader \"Ich bin ein Chaospilot. Das war ich schon immer. Ich mag die Tatsache, dass [...]<\/p>","protected":false},"author":1,"featured_media":5201,"parent":0,"menu_order":0,"comment_status":"closed","ping_status":"closed","template":"","meta":{"content-type":"","_breakdance_hide_in_design_set":false,"_breakdance_tags":"","footnotes":""},"class_list":["post-5222","page","type-page","status-publish","has-post-thumbnail","hentry"],"_links":{"self":[{"href":"https:\/\/www.misupport.dk\/de\/wp-json\/wp\/v2\/pages\/5222","targetHints":{"allow":["GET"]}}],"collection":[{"href":"https:\/\/www.misupport.dk\/de\/wp-json\/wp\/v2\/pages"}],"about":[{"href":"https:\/\/www.misupport.dk\/de\/wp-json\/wp\/v2\/types\/page"}],"author":[{"embeddable":true,"href":"https:\/\/www.misupport.dk\/de\/wp-json\/wp\/v2\/users\/1"}],"replies":[{"embeddable":true,"href":"https:\/\/www.misupport.dk\/de\/wp-json\/wp\/v2\/comments?post=5222"}],"version-history":[{"count":15,"href":"https:\/\/www.misupport.dk\/de\/wp-json\/wp\/v2\/pages\/5222\/revisions"}],"predecessor-version":[{"id":5905,"href":"https:\/\/www.misupport.dk\/de\/wp-json\/wp\/v2\/pages\/5222\/revisions\/5905"}],"wp:featuredmedia":[{"embeddable":true,"href":"https:\/\/www.misupport.dk\/de\/wp-json\/wp\/v2\/media\/5201"}],"wp:attachment":[{"href":"https:\/\/www.misupport.dk\/de\/wp-json\/wp\/v2\/media?parent=5222"}],"curies":[{"name":"wp","href":"https:\/\/api.w.org\/{rel}","templated":true}]}}