{"id":5215,"date":"2024-02-09T14:03:19","date_gmt":"2024-02-09T13:03:19","guid":{"rendered":"https:\/\/www.misupport.dk\/?page_id=5215"},"modified":"2025-01-08T14:19:45","modified_gmt":"2025-01-08T14:19:45","slug":"gegen-noreen-thomas","status":"publish","type":"page","link":"https:\/\/www.misupport.dk\/de\/gegen-noreen-thomas\/","title":{"rendered":"Treffen Sie Noreen &amp; Thomas"},"content":{"rendered":"<section class=\"bde-section-5215-133 bde-section\">\n              \n  \n  \n\t\n\n  <div class=\"section-background-overlay\"><\/div>\n\n\n<div class=\"section-container\"><h1 class=\"bde-heading-5215-134 bde-heading\">\nTreffen Sie einen MI Support\n<\/h1><div class=\"bde-text-5215-135 bde-text\">\nAls Unternehmen st\u00fctzt sich MI Support auf unsere tatkr\u00e4ftigen, verantwortungsbewussten und motivierten Mitarbeiter, die mit professionellem Stolz und Engagement an der L\u00f6sung der Herausforderungen unserer Kunden arbeiten.<br><br>Lernen Sie unsere Berater hier besser kennen.\n<\/div><\/div>\n<\/section><section class=\"bde-section-5215-115 bde-section\">\n  \n  \n\t\n\n\n\n<div class=\"section-container\"><h2 class=\"bde-heading-5215-116 bde-heading\">\nTreffen Sie Noreen Rakhange &amp; Thomas Voldstedlund\n<\/h2><div class=\"bde-text-5215-117 bde-text\">\nBauingenieur &amp; Maschinenbauingenieur\n<\/div><\/div>\n<\/section><section class=\"bde-section-5215-118 bde-section\">\n  \n  \n\t\n\n\n\n<div class=\"section-container\"><div class=\"bde-text-5215-120 bde-text\">\nBei MI Support haben wir viele junge, aufstrebende Talente, die bei unseren Projekten gute Arbeit leisten.<br><br>Hier erfahren Sie mehr \u00fcber zwei von ihnen - Noreen Rakhange und Thomas Voldstedlund, die bereits seit einigen Jahren f\u00fcr das Unternehmen t\u00e4tig sind und beide MI Support als ihren ersten Arbeitsplatz nach dem Studium gew\u00e4hlt haben.<br><br>\n<\/div><div class=\"bde-image-5215-121 bde-image\">\n<figure class=\"breakdance-image breakdance-image--5220\">\n\t<div class=\"breakdance-image-container\">\n\t\t<div class=\"breakdance-image-clip\"><img loading=\"lazy\" decoding=\"async\" class=\"breakdance-image-object\" src=\"https:\/\/www.misupport.dk\/wp-content\/uploads\/IMG_5418-kopi-scaled-1.jpg\" width=\"2560\" height=\"1920\" srcset=\"https:\/\/www.misupport.dk\/wp-content\/uploads\/IMG_5418-kopi-scaled-1.jpg 2560w, https:\/\/www.misupport.dk\/wp-content\/uploads\/IMG_5418-kopi-scaled-1-300x225.jpg 300w, https:\/\/www.misupport.dk\/wp-content\/uploads\/IMG_5418-kopi-scaled-1-1024x768.jpg 1024w, https:\/\/www.misupport.dk\/wp-content\/uploads\/IMG_5418-kopi-scaled-1-768x576.jpg 768w, https:\/\/www.misupport.dk\/wp-content\/uploads\/IMG_5418-kopi-scaled-1-1536x1152.jpg 1536w, https:\/\/www.misupport.dk\/wp-content\/uploads\/IMG_5418-kopi-scaled-1-2048x1536.jpg 2048w\" sizes=\"auto, (max-width: 2560px) 100vw, 2560px\"><\/div>\n\t<\/div><\/figure>\n\n<\/div><div class=\"bde-text-5215-122 bde-text\">\n<br><br>Die 26-j\u00e4hrige Noreen ist eine qualifizierte Bauingenieurin mit Spezialisierung auf HLK und Raumklima. Der 28-j\u00e4hrige Thomas ist ein qualifizierter Maschinenbauingenieur. <br><br>\u00dcber MI Support arbeiten beide an demselben umfangreichen Projekt in Bagsv\u00e6rd, wo sie Teil des Inbetriebnahme-Teams f\u00fcr den Bau einer neuen Prozessanlage und die Integration in eine bestehende Anlage sind.\n<\/div><div class=\"bde-text-5215-123 bde-text\">\nLetztes Bindeglied zwischen Entwurfsphase und Baustelle\n<\/div><div class=\"bde-text-5215-124 bde-text\">\nBei dem Projekt war Noreen als technische Controllerin t\u00e4tig und hilft jetzt auch im technischen Management.<br><br>Seitdem das Projekt begonnen hat, geht es rasant voran: \"W\u00e4hrend sich die Aufbereitungsanlage in der Bauphase befand, lief die Entwurfsphase weiter - mit \u00c4nderungen, Erg\u00e4nzungen und allem, was dazugeh\u00f6rt\", erkl\u00e4rt Noreen.<br><br>\"Aufgrund der hohen Qualit\u00e4tsanforderungen f\u00fcr die Prozessanlage war es unerl\u00e4sslich, dass alle \u00c4nderungen und Erg\u00e4nzungen des Entwurfs vom Kunden genehmigt wurden, bevor er zum Bau freigegeben wurde. Ich war daf\u00fcr verantwortlich und habe sichergestellt, dass die Isometrien mit den PIDs \u00fcbereinstimmen.\"<br><br>Noreen war somit das letzte Bindeglied zwischen der Designphase und der Baustelle. \"Das hat eine Menge Koordination zwischen dem Kunden, dem 3D-Designer und den Schmieden, die die Prozessanlage bauen, erfordert.\"\n<\/div><div class=\"bde-text-5215-129 bde-text\">\nEin komplizierter Qualit\u00e4tsmanagementprozess\n<\/div><div class=\"bde-text-5215-126 bde-text\">\nIm Vergleich zu Noreen ist Thomas mit seinen Aufgaben schon etwas weiter fortgeschritten:<br><br>\"Im Moment arbeite ich als Inbetriebnahmetechniker, d.h. ich bin f\u00fcr die Inbetriebnahme der gesamten Fabrik zust\u00e4ndig. Sobald der Bau abgeschlossen ist, die Anlagen installiert sind, die Rohre geschwei\u00dft sind usw., bin ich f\u00fcr die Planung der Routen f\u00fcr die Erstreinigung zust\u00e4ndig und stelle sicher, dass wir die Anforderungen des Kunden erf\u00fcllen\", sagt Thomas.<br><br>Die Rohre k\u00f6nnen dann gesp\u00fclt, druckgepr\u00fcft und dekontaminiert werden. \"Auf diese Weise stellen wir sicher, dass die Rohre gereinigt und produktionsbereit sind.\"<br><br>\n<\/div><div class=\"bde-text-5215-130 bde-text\">\nStarke Zusammenarbeit im gesamten Team\n<\/div><div class=\"bde-text-5215-127 bde-text\">\nAuch wenn die Arbeit und die Aufgaben von Noreen und Thomas sehr unterschiedlich sind, ist eine enge Zusammenarbeit und der Austausch von Wissen notwendig, damit jeder von ihnen seine Aufgaben erfolgreich erledigen kann. Deshalb sind die t\u00e4glichen morgendlichen Besprechungen am Whiteboard so wichtig, um sicherzustellen, dass jeder im Team die Informationen erh\u00e4lt, die er braucht.<br><br>\"In einer idealen Welt w\u00fcrde Noreen mich informieren, wenn ein System mechanisch fertig ist. Dann kann ich anfangen, die Route zu planen, damit ich wei\u00df, wo wir das n\u00e4chste Mal weitermachen k\u00f6nnen\", erkl\u00e4rt Thomas.<br><br>\"Aber wie ich schon sagte, es ist die ideale Welt. Bei dem Tempo, das wir hier drau\u00dfen vorlegen, kann es ein bisschen schwierig werden.\"<br><br>Die Tatsache, dass das Projekt oft schnelllebig ist, macht weder Noreen noch Thomas Angst. Ganz im Gegenteil.<br><br>\"Ein guter Arbeitstag ist f\u00fcr mich, wenn viele B\u00e4lle in der Luft sind und die Dinge schnell gehen. Die Tatsache, dass ich produktiv sein kann, etwas erledigen kann und die K\u00e4stchen abhaken kann - das finde ich gro\u00dfartig\", sagt Thomas.<br><br>Noreen stimmt zu: \"Mir geht es genauso. Ich mag es, wenn ich alle Ziele, die ich mir f\u00fcr den Tag gesetzt habe, erreiche. Und nat\u00fcrlich ist es sch\u00f6n, wenn man einen guten Tag mit seinen Kollegen verbracht hat\", erkl\u00e4rt sie.<br><br>\"Zum Gl\u00fcck sind alle am Projekt Beteiligten sehr nett und die Atmosph\u00e4re im B\u00fcro ist generell sehr gut\", sind sich beide einig.\n<\/div><div class=\"bde-text-5215-125 bde-text\">\nVon der Theorie zur realen Welt\n<\/div><div class=\"bde-text-5215-128 bde-text\">\nMI Support ist der erste Arbeitsplatz nach ihrem Abschluss an der DTU sowohl f\u00fcr Noreen als auch f\u00fcr Thomas, die nun schon seit 1-2 Jahren bei dem Unternehmen und dem betreffenden Projekt t\u00e4tig sind. Eine steile, aber nichtsdestotrotz spannende Lernkurve f\u00fcr beide.<br><br>\"In der Zeit, in der ich hier bin, habe ich viel dar\u00fcber gelernt, wie es ist, an echten Projekten zu arbeiten, wie schnell es gehen kann und wie viele Anforderungen an den Bau einer Prozessanlage gestellt werden\", sagt Noreen.<br><br>\"Obwohl es mein erster Job ist, habe ich bereits einige Aspekte des Projekts kennengelernt, darunter die Inbetriebnahme und das technische Management. Davon werde ich sp\u00e4ter in meiner Karriere profitieren.\"<br><br>Thomas findet auch, dass er viel von seinem theoretischen Wissen aus dem Studium mit seinen Aufgaben im Projekt verbinden kann:<br><br>\"Sie kommen mit einer Ausbildung und einer breiten Palette von F\u00e4higkeiten, und vielleicht werden einige davon genutzt und gest\u00e4rkt, w\u00e4hrend andere vergessen werden\", sagt Thomas.<br><br>\"Aber insgesamt habe ich wirklich das Gef\u00fchl, dass ich viel von meiner Ausbildung profitiert habe. Vor allem das ganze mechanische Verst\u00e4ndnis hat es mir leicht gemacht, mich in die Dinge einzuarbeiten.\"\n<\/div><div class=\"bde-text-5215-131 bde-text\">\nEine gro\u00dfartige Gemeinschaft in MI Unterst\u00fctzung\n<\/div><div class=\"bde-text-5215-132 bde-text\">\nInsgesamt sind sowohl Noreen als auch Thomas mit ihrer derzeitigen Rolle im Projekt und als Teil von MI Support zufrieden. Und das, obwohl in dem Team, in dem sie tagt\u00e4glich arbeiten, nur vier Kollegen aus dem Unternehmen sind.<br><br>\"Auch wenn wir an verschiedenen Projekten arbeiten und uns nicht immer so oft sehen, glaube ich, dass wir bei MI Support einen guten Teamgeist und eine gute Gemeinschaft haben\", sagt Noreen.<br><br>Die gesellschaftlichen und beruflichen Ereignisse machen hier einen gro\u00dfen Unterschied. \"Und gelegentlich kommt ein Kollege aus der Zentrale vorbei und gr\u00fc\u00dft das Projekt. Das bedeutet eine Menge f\u00fcr die Arbeitszufriedenheit\", sind sich beide einig.\n<\/div><\/div>\n<\/section><section class=\"bde-section-5215-107 bde-section\">\n  \n  \n\t\n\n\n\n<div class=\"section-container\"><div class=\"bde-columns-5215-108 bde-columns\"><div class=\"bde-column-5215-109 bde-column\">\n  \n  \n\t\n\n\n\n<div class=\"bde-image-5215-110 bde-image\">\n<figure class=\"breakdance-image breakdance-image--55\">\n\t<div class=\"breakdance-image-container\">\n\t\t<div class=\"breakdance-image-clip\"><img loading=\"lazy\" decoding=\"async\" class=\"breakdance-image-object\" src=\"https:\/\/www.misupport.dk\/wp-content\/uploads\/MISupportIT_NTK4170-scaled.jpg\" width=\"2560\" height=\"1707\" srcset=\"https:\/\/www.misupport.dk\/wp-content\/uploads\/MISupportIT_NTK4170-scaled.jpg 2560w, https:\/\/www.misupport.dk\/wp-content\/uploads\/MISupportIT_NTK4170-300x200.jpg 300w, https:\/\/www.misupport.dk\/wp-content\/uploads\/MISupportIT_NTK4170-1024x683.jpg 1024w, https:\/\/www.misupport.dk\/wp-content\/uploads\/MISupportIT_NTK4170-768x512.jpg 768w, https:\/\/www.misupport.dk\/wp-content\/uploads\/MISupportIT_NTK4170-1536x1024.jpg 1536w, https:\/\/www.misupport.dk\/wp-content\/uploads\/MISupportIT_NTK4170-2048x1365.jpg 2048w\" sizes=\"auto, (max-width: 2560px) 100vw, 2560px\" alt=\"B\u00fcroleute\"><\/div>\n\t<\/div><\/figure>\n\n<\/div>\n<\/div><div class=\"bde-column-5215-111 bde-column\">\n  \n  \n\t\n\n\n\n<h2 class=\"bde-heading-5215-112 bde-heading\">\nSind Sie unser neuer Kollege?<br>\n<\/h2><div class=\"bde-text-5215-113 bde-text\">\nWir bei MI Support sind immer auf der Suche nach neuen, talentierten Kollegen, die unser Team verst\u00e4rken m\u00f6chten. Wir ver\u00f6ffentlichen regelm\u00e4\u00dfig freie Stellen und Sie k\u00f6nnen sich gerne in unsere Lebenslaufdatenbank eintragen, die wir st\u00e4ndig auf interessante Profile \u00fcberpr\u00fcfen.<br><br>MI Support ist ein dynamischer Arbeitsplatz, an dem es vom Denken zum Handeln nicht weit ist. Wir bieten engagierte und gute Kollegen mit einem Schwerpunkt auf Entwicklung und professionellem Sparring. Dar\u00fcber hinaus haben wir gute und stabile Arbeitsbedingungen und legen Wert auf ein angenehmes Arbeitsumfeld mit h\u00e4ufigen gesellschaftlichen Veranstaltungen.\n<\/div><div class=\"bde-button-5215-114 bde-button\">\n    \n                                    \n    \n    \n    \n    \n            \n                    \n            \n            \n\n    \n    \n    \n    \n    \n    <a class=\"breakdance-link button-atom button-atom--primary bde-button__button\" href=\"https:\/\/misupport.career.emply.com\/da\/ledige-stillinger\" target=\"_self\" data-type=\"url\" rel=\"noopener\">\n\n    \n        <span class=\"button-atom__text\">Siehe unser Stellenangebot<\/span>\n\n        \n        \n                <\/a>\n\n    \n\n\n<\/div>\n<\/div><\/div><\/div>\n<\/section>","protected":false},"excerpt":{"rendered":"<p>Treffen Sie einen MI-Supporter Als Unternehmen basiert MI Support auf unseren tatkr\u00e4ftigen, verantwortungsbewussten und motivierten Mitarbeitern, die mit professionellem Stolz und Engagement an der L\u00f6sung der Herausforderungen unserer Kunden arbeiten. Lernen Sie unsere Berater hier besser kennen. Treffen Sie Noreen Rakhange &amp; Thomas Voldstedlund Bauingenieur &amp; Maschinenbauingenieur Bei MI Support haben wir viele junge [...]<\/p>","protected":false},"author":1,"featured_media":5220,"parent":0,"menu_order":0,"comment_status":"closed","ping_status":"closed","template":"","meta":{"content-type":"","_breakdance_hide_in_design_set":false,"_breakdance_tags":"","footnotes":""},"class_list":["post-5215","page","type-page","status-publish","has-post-thumbnail","hentry"],"_links":{"self":[{"href":"https:\/\/www.misupport.dk\/de\/wp-json\/wp\/v2\/pages\/5215","targetHints":{"allow":["GET"]}}],"collection":[{"href":"https:\/\/www.misupport.dk\/de\/wp-json\/wp\/v2\/pages"}],"about":[{"href":"https:\/\/www.misupport.dk\/de\/wp-json\/wp\/v2\/types\/page"}],"author":[{"embeddable":true,"href":"https:\/\/www.misupport.dk\/de\/wp-json\/wp\/v2\/users\/1"}],"replies":[{"embeddable":true,"href":"https:\/\/www.misupport.dk\/de\/wp-json\/wp\/v2\/comments?post=5215"}],"version-history":[{"count":15,"href":"https:\/\/www.misupport.dk\/de\/wp-json\/wp\/v2\/pages\/5215\/revisions"}],"predecessor-version":[{"id":5907,"href":"https:\/\/www.misupport.dk\/de\/wp-json\/wp\/v2\/pages\/5215\/revisions\/5907"}],"wp:featuredmedia":[{"embeddable":true,"href":"https:\/\/www.misupport.dk\/de\/wp-json\/wp\/v2\/media\/5220"}],"wp:attachment":[{"href":"https:\/\/www.misupport.dk\/de\/wp-json\/wp\/v2\/media?parent=5215"}],"curies":[{"name":"wp","href":"https:\/\/api.w.org\/{rel}","templated":true}]}}